{"id":995,"date":"2013-06-04T23:37:10","date_gmt":"2013-06-04T23:37:10","guid":{"rendered":"http:\/\/iesevilla.edu.co\/sitio\/?page_id=995"},"modified":"2025-06-23T12:19:47","modified_gmt":"2025-06-23T17:19:47","slug":"coordinacion","status":"publish","type":"page","link":"http:\/\/iesevilla.edu.co\/sitio\/coordinacion\/","title":{"rendered":"Coordinaci\u00f3n"},"content":{"rendered":"<p>El equipo de Coordinaci\u00f3n de la Instituci\u00f3n Educativa est\u00e1 conformado por las siguientes personas:<\/p>\n<p>* ESPERANZA ARANGO la cual coordina las sedes ANTONIA SANTOS, HERACLIO URIBE URIBE, EL JARD\u00cdN INFANTIL RAFAEL POMBO, MARIA INMACULADA y SAN JOS\u00c9<\/p>\n<p>* LUIS ALBERTO CANO BETANCUR el coordinador acad\u00e9mico en la sede LICEO MIXTO SEVILLA.<\/p>\n<p>*LUZ ADRIANA VALLEJO est\u00e1 coordinando la sede JHON F. KENNEDDY y PRIMITIVO CRESPO<\/p>\n<p>* ULDA YENNY CAMPO ORT\u00cdZ es la coordinadora de CONVIVENCIA en la sede LICEO MIXTO SEVILLA.<\/p>\n<p>La coordinaci\u00f3n es el apoyo del Rector en todo lo que tiene que ver con los procesos pedag\u00f3gicos y de convivencia tanto con docentes como con estudiantes, es adem\u00e1s, el enlace entre docentes, estudiantes, padres de familia y comunidad educativa en general.<\/p>\n","protected":false},"excerpt":{"rendered":"<p>El equipo de Coordinaci\u00f3n de la Instituci\u00f3n Educativa est\u00e1 conformado por las siguientes personas: * ESPERANZA ARANGO la cual coordina las sedes ANTONIA SANTOS, HERACLIO URIBE URIBE, EL JARD\u00cdN INFANTIL RAFAEL POMBO, MARIA INMACULADA y SAN JOS\u00c9 * LUIS ALBERTO CANO BETANCUR el coordinador acad\u00e9mico&nbsp;<a href=\"http:\/\/iesevilla.edu.co\/sitio\/coordinacion\/\">&hellip;<\/a><\/p>\n","protected":false},"author":1,"featured_media":0,"parent":0,"menu_order":0,"comment_status":"open","ping_status":"open","template":"","meta":{"footnotes":""},"class_list":["post-995","page","type-page","status-publish","hentry","odd"],"_links":{"self":[{"href":"http:\/\/iesevilla.edu.co\/sitio\/wp-json\/wp\/v2\/pages\/995","targetHints":{"allow":["GET"]}}],"collection":[{"href":"http:\/\/iesevilla.edu.co\/sitio\/wp-json\/wp\/v2\/pages"}],"about":[{"href":"http:\/\/iesevilla.edu.co\/sitio\/wp-json\/wp\/v2\/types\/page"}],"author":[{"embeddable":true,"href":"http:\/\/iesevilla.edu.co\/sitio\/wp-json\/wp\/v2\/users\/1"}],"replies":[{"embeddable":true,"href":"http:\/\/iesevilla.edu.co\/sitio\/wp-json\/wp\/v2\/comments?post=995"}],"version-history":[{"count":11,"href":"http:\/\/iesevilla.edu.co\/sitio\/wp-json\/wp\/v2\/pages\/995\/revisions"}],"predecessor-version":[{"id":3664,"href":"http:\/\/iesevilla.edu.co\/sitio\/wp-json\/wp\/v2\/pages\/995\/revisions\/3664"}],"wp:attachment":[{"href":"http:\/\/iesevilla.edu.co\/sitio\/wp-json\/wp\/v2\/media?parent=995"}],"curies":[{"name":"wp","href":"https:\/\/api.w.org\/{rel}","templated":true}]}}