{"id":986,"date":"2017-02-25T17:33:07","date_gmt":"2017-02-25T22:33:07","guid":{"rendered":"http:\/\/iesevilla.edu.co\/sitio\/?page_id=986"},"modified":"2017-04-05T06:56:31","modified_gmt":"2017-04-05T11:56:31","slug":"proyecto-servicio-social","status":"publish","type":"page","link":"http:\/\/iesevilla.edu.co\/sitio\/proyecto-servicio-social\/","title":{"rendered":"Proyecto Servicio Social"},"content":{"rendered":"<p>La formaci\u00f3n y ejecuci\u00f3n del proyecto de Servicio Social en la Instituci\u00f3n, hace parte de la propuesta de formaci\u00f3n integral de los j\u00f3venes que cursan el ciclo de Educaci\u00f3n Media.<\/p>\n<p>De conformidad con el art\u00edculo 97 de la Ley 115 de 1994 y 39 del Decreto 1860 de 1994, es obligaci\u00f3n de los estudiantes de Educaci\u00f3n Media durante los grados de estudio 10\u00b0 y 11\u00b0, prestar el Servicio Social Estudiantil por lo menos ochenta (80) horas; servicio que hace parte del curr\u00edculo y por ende del Proyecto Educativo Institucional del establecimiento educativo y es requisito indispensable para obtener el t\u00edtulo de bachiller.<\/p>\n<p>Dejamos a disposici\u00f3n de la comunidad educativa el formato base para la elaboraci\u00f3n del trabajo escrito del Proyecto de Servicio Social de la Instituci\u00f3n Educativa Sevilla.<\/p>\n<p>Dar clic para descargar el archivo :\u00a0<a href=\"http:\/\/iesevilla.edu.co\/sitio\/wp-content\/uploads\/2013\/05\/FORMATO-PROYECTO-SERVICIO-SOCIAL-I-E-SEVILLA.pdf\">FORMATO PROYECTO SERVICIO SOCIAL I E SEVILLA<\/a><a href=\"http:\/\/iesevilla.edu.co\/sitio\/wp-content\/uploads\/2013\/05\/FORMATO-PROYECTO-TRABAJO-SOCIALI.E.-SEVILLA.pdf\"><br \/>\n<\/a><\/p>\n<p><a href=\"http:\/\/iesevilla.edu.co\/sitio\/wp-content\/uploads\/2013\/05\/serviciosocial.png\"><img loading=\"lazy\" decoding=\"async\" class=\"aligncenter size-medium wp-image-1679\" alt=\"serviciosocial\" src=\"http:\/\/iesevilla.edu.co\/sitio\/wp-content\/uploads\/2013\/05\/serviciosocial-300x90.png\" width=\"300\" height=\"90\" srcset=\"http:\/\/iesevilla.edu.co\/sitio\/wp-content\/uploads\/2013\/05\/serviciosocial-300x90.png 300w, http:\/\/iesevilla.edu.co\/sitio\/wp-content\/uploads\/2013\/05\/serviciosocial-1024x308.png 1024w, http:\/\/iesevilla.edu.co\/sitio\/wp-content\/uploads\/2013\/05\/serviciosocial-182x55.png 182w, http:\/\/iesevilla.edu.co\/sitio\/wp-content\/uploads\/2013\/05\/serviciosocial.png 1240w\" sizes=\"auto, (max-width: 300px) 100vw, 300px\" \/><\/a><\/p>\n","protected":false},"excerpt":{"rendered":"<p>La formaci\u00f3n y ejecuci\u00f3n del proyecto de Servicio Social en la Instituci\u00f3n, hace parte de la propuesta de formaci\u00f3n integral de los j\u00f3venes que cursan el ciclo de Educaci\u00f3n Media. De conformidad con el art\u00edculo 97 de la Ley 115 de 1994 y 39 del&nbsp;<a href=\"http:\/\/iesevilla.edu.co\/sitio\/proyecto-servicio-social\/\">&hellip;<\/a><\/p>\n","protected":false},"author":1,"featured_media":1679,"parent":0,"menu_order":0,"comment_status":"open","ping_status":"open","template":"","meta":{"footnotes":""},"class_list":["post-986","page","type-page","status-publish","has-post-thumbnail","hentry","odd"],"_links":{"self":[{"href":"http:\/\/iesevilla.edu.co\/sitio\/wp-json\/wp\/v2\/pages\/986","targetHints":{"allow":["GET"]}}],"collection":[{"href":"http:\/\/iesevilla.edu.co\/sitio\/wp-json\/wp\/v2\/pages"}],"about":[{"href":"http:\/\/iesevilla.edu.co\/sitio\/wp-json\/wp\/v2\/types\/page"}],"author":[{"embeddable":true,"href":"http:\/\/iesevilla.edu.co\/sitio\/wp-json\/wp\/v2\/users\/1"}],"replies":[{"embeddable":true,"href":"http:\/\/iesevilla.edu.co\/sitio\/wp-json\/wp\/v2\/comments?post=986"}],"version-history":[{"count":7,"href":"http:\/\/iesevilla.edu.co\/sitio\/wp-json\/wp\/v2\/pages\/986\/revisions"}],"predecessor-version":[{"id":988,"href":"http:\/\/iesevilla.edu.co\/sitio\/wp-json\/wp\/v2\/pages\/986\/revisions\/988"}],"wp:featuredmedia":[{"embeddable":true,"href":"http:\/\/iesevilla.edu.co\/sitio\/wp-json\/wp\/v2\/media\/1679"}],"wp:attachment":[{"href":"http:\/\/iesevilla.edu.co\/sitio\/wp-json\/wp\/v2\/media?parent=986"}],"curies":[{"name":"wp","href":"https:\/\/api.w.org\/{rel}","templated":true}]}}