{"id":975,"date":"2013-05-20T16:48:31","date_gmt":"2013-05-20T16:48:31","guid":{"rendered":"http:\/\/iesevilla.edu.co\/sitio\/?page_id=975"},"modified":"2019-02-19T07:55:54","modified_gmt":"2019-02-19T12:55:54","slug":"gobierno-escolar","status":"publish","type":"page","link":"http:\/\/iesevilla.edu.co\/sitio\/gobierno-escolar\/","title":{"rendered":"Gobierno Escolar"},"content":{"rendered":"<p>De acuerdo al art\u00edculo 20 del Decreto 1860 de 1994 estar\u00e1 conformado por\u00a0 Consejo Directivo, Consejo Acad\u00e9mico y el Rector de la Instituci\u00f3n, para el a\u00f1o 2017 los miembros de tales organismos a saber:<\/p>\n<p><b><span style=\"text-decoration: underline;\">CONSEJO DIRECTIVO<\/span><\/b><\/p>\n<p>REPRESENTANTES DOCENTES:\u00a0 EDGAR EVER ARANGO RINC\u00d3N<\/p>\n<p>REPRESENTANTES PADRES DE FAMILIA:<\/p>\n<p>REPRESENTANTES ESTUDIANTES Y EX-ALUMNOS:<\/p>\n<p>REPRESENTANTE SECTOR PRODUCTIVO:<\/p>\n<p>RECTOR: NOREMBERG CALDER\u00d3N VIVI<\/p>\n<p><b><span style=\"text-decoration: underline;\">CONSEJO ACADEMICO: SEDES &#8211; COORDINADORES Y RECTOR<\/span><\/b><\/p>\n<ul>\n<li>PEDRO EMILIO GIL (CERRADA):<\/li>\n<li>SAN JOSE:<\/li>\n<li>HERACLIO URIBE TELEAULA:<\/li>\n<li>SANTA MARIANA DE JESUS:<\/li>\n<li>MARIA INMACULADA:<\/li>\n<li>NECESIDAD EDUCATIVAS ESPECIALES:<\/li>\n<li>LOS FUNDADORES (CERRADA):<\/li>\n<li>PRIMITIVO CRESPO:<\/li>\n<li>ANTONIA SANTOS PRIMARIA:<\/li>\n<li>RAFAEL POMBO:<\/li>\n<\/ul>\n<p><span style=\"text-decoration-line: underline;\">COORDINADORES<\/span><\/p>\n<ul>\n<li>Lyda Franco<\/li>\n<li>Esperanza Arango<\/li>\n<li>Ulda Yeni Campo Ortiz<\/li>\n<li>Luis Alberto Cano Betacurt<\/li>\n<li>Luz Adriana Vallejo<\/li>\n<\/ul>\n<p>&nbsp;<\/p>\n<p><span style=\"text-decoration: underline;\">RECTOR<\/span><\/p>\n<p>Noremberg Calder\u00f3n Viv\u00ed<\/p>\n","protected":false},"excerpt":{"rendered":"<p>De acuerdo al art\u00edculo 20 del Decreto 1860 de 1994 estar\u00e1 conformado por\u00a0 Consejo Directivo, Consejo Acad\u00e9mico y el Rector de la Instituci\u00f3n, para el a\u00f1o 2017 los miembros de tales organismos a saber: CONSEJO DIRECTIVO REPRESENTANTES DOCENTES:\u00a0 EDGAR EVER ARANGO RINC\u00d3N REPRESENTANTES PADRES DE&nbsp;<a href=\"http:\/\/iesevilla.edu.co\/sitio\/gobierno-escolar\/\">&hellip;<\/a><\/p>\n","protected":false},"author":1,"featured_media":0,"parent":0,"menu_order":0,"comment_status":"open","ping_status":"open","template":"","meta":{"footnotes":""},"class_list":["post-975","page","type-page","status-publish","hentry","odd"],"_links":{"self":[{"href":"http:\/\/iesevilla.edu.co\/sitio\/wp-json\/wp\/v2\/pages\/975","targetHints":{"allow":["GET"]}}],"collection":[{"href":"http:\/\/iesevilla.edu.co\/sitio\/wp-json\/wp\/v2\/pages"}],"about":[{"href":"http:\/\/iesevilla.edu.co\/sitio\/wp-json\/wp\/v2\/types\/page"}],"author":[{"embeddable":true,"href":"http:\/\/iesevilla.edu.co\/sitio\/wp-json\/wp\/v2\/users\/1"}],"replies":[{"embeddable":true,"href":"http:\/\/iesevilla.edu.co\/sitio\/wp-json\/wp\/v2\/comments?post=975"}],"version-history":[{"count":7,"href":"http:\/\/iesevilla.edu.co\/sitio\/wp-json\/wp\/v2\/pages\/975\/revisions"}],"predecessor-version":[{"id":978,"href":"http:\/\/iesevilla.edu.co\/sitio\/wp-json\/wp\/v2\/pages\/975\/revisions\/978"}],"wp:attachment":[{"href":"http:\/\/iesevilla.edu.co\/sitio\/wp-json\/wp\/v2\/media?parent=975"}],"curies":[{"name":"wp","href":"https:\/\/api.w.org\/{rel}","templated":true}]}}