{"id":41,"date":"2010-09-18T15:08:28","date_gmt":"2010-09-18T15:08:28","guid":{"rendered":"http:\/\/www.iesevilla.edu.co\/colegio\/sitio\/"},"modified":"2025-06-23T12:13:44","modified_gmt":"2025-06-23T17:13:44","slug":"contactanos","status":"publish","type":"page","link":"http:\/\/iesevilla.edu.co\/sitio\/contactanos\/","title":{"rendered":"Cont\u00e1ctanos"},"content":{"rendered":"<p>[vc_row css=&#8221;.vc_custom_1490185704851{margin-top: 35px !important;margin-bottom: 20px !important;}&#8221;][vc_column width=&#8221;1\/3&#8243; css=&#8221;.vc_custom_1491473586648{margin-top: 0px !important;}&#8221;][vc_single_image image=&#8221;2818&#8243; img_size=&#8221;full&#8221; css=&#8221;.vc_custom_1613320470403{margin-bottom: 0px !important;}&#8221;][\/vc_column][vc_column width=&#8221;1\/3&#8243; css=&#8221;.vc_custom_1490181921013{margin-left: 10px !important;}&#8221;][vc_custom_heading text=&#8221;Bienvenido a<br \/>\nInstituci\u00f3n Educativa Sevilla&#8221; font_container=&#8221;tag:h2|font_size:30px|text_align:center|line_height:38px&#8221; use_theme_fonts=&#8221;yes&#8221; css=&#8221;.vc_custom_1613320897153{margin-top: 0px !important;margin-bottom: 10px !important;}&#8221;][vc_custom_heading text=&#8221;Calle 48 #50 &#8211; 69&#8243; font_container=&#8221;tag:h3|font_size:30px|text_align:left|color:%236892d8|line_height:40px&#8221; use_theme_fonts=&#8221;yes&#8221; css=&#8221;.vc_custom_1613321052187{margin-top: 0px !important;margin-bottom: 7px !important;}&#8221;][vc_column_text css=&#8221;.vc_custom_1613321086151{margin-bottom: 15px !important;padding-right: 30px !important;}&#8221;]\u00a1Aqu\u00ed te proporcionamos toda la informaci\u00f3n para ponerte en contacto con la Instituci\u00f3n!<\/p>\n<div id=\"gtx-trans\" style=\"position: absolute; left: -105px; top: -10px;\">\n<div class=\"gtx-trans-icon\"><\/div>\n<\/div>\n<p>[\/vc_column_text][vc_custom_heading text=&#8221;Informaci\u00f3n de Contacto:&#8221; font_container=&#8221;tag:h4|text_align:left&#8221; use_theme_fonts=&#8221;yes&#8221; css=&#8221;.vc_custom_1613321105448{margin-bottom: 10px !important;}&#8221;]\n\t\t\t\t\t<div class=\"wh-theme-icon vc_custom_1560422922777  scp_theme_icon-3a7a186b4d78fc56a489b24be8587855\">\n\t\t\t\t<i class=\"icon-edclock-one\"><\/i>\n\t\t\t<\/div>\n\t\t\t\t[\/vc_column][vc_column width=&#8221;1\/3&#8243; css=&#8221;.vc_custom_1490185994138{margin-bottom: 0px !important;}&#8221;]\t\t<div class=\"wh-content-box vc_custom_1490176347168 wh-z-index-10 scp_content_box-c3757830a7b50378d21531fbc291209c\">\n\t\t\t\t\t\t\t\t\t\t\t\t[vc_custom_heading text=&#8221;Horarios de Atenci\u00f3n&#8221; font_container=&#8221;tag:h2|font_size:18px|text_align:left|color:%23000000&#8243; use_theme_fonts=&#8221;yes&#8221; css=&#8221;.vc_custom_1613320655351{margin-top: 10px !important;margin-bottom: 10px !important;padding-left: 30px !important;}&#8221; el_class=&#8221;wh-title-with-label&#8221;]\t\t<ul class=\"schedule \">\n\t\t\t\t\t\t\t\t\t\t\t\t\t\t\t\t<li class=\"odd\">\n\t\t\t\t\t\t<span class=\"left\">\n\t\t\t\t\t\t\tLunes a Viernes\t\t\t\t\t\t<\/span>\n\t\t\t\t\t\t<span class=\"right\">\n\t\t\t\t\t\t\t8:00 AM - 5:00 PM\t\t\t\t\t\t<\/span>\n\t\t\t\t\t<\/li>\n\t\t\t\t\t\t\t\t\t\t\t\t\t\t\t\t\t\t\t\t<\/ul>\n\t\t\t\t<\/div>\n\t\t[vc_gmaps link=&#8221;#E-8_JTNDaWZyYW1lJTIwc3JjJTNEJTIyaHR0cHMlM0ElMkYlMkZ3d3cuZ29vZ2xlLmNvbSUyRm1hcHMlMkZlbWJlZCUzRnBiJTNEJTIxMW0xOCUyMTFtMTIlMjExbTMlMjExZDM5NzguNzgzOTM1ODI0MjQ0JTIxMmQtNzUuOTM2MDA1MDk5MjQ3NTglMjEzZDQuMjYyMjE0MTc5Nzg3MDY1JTIxMm0zJTIxMWYwJTIxMmYwJTIxM2YwJTIxM20yJTIxMWkxMDI0JTIxMmk3NjglMjE0ZjEzLjElMjEzbTMlMjExbTIlMjExczB4OGUzOWIyY2RmNTY1N2ZlNyUyNTNBMHhhYTU4MWQ0ZWI1YWVkMzFkJTIxMnNJLiUyNTIwRS4lMjUyMFNldmlsbGElMjUyMC0lMjUyMExpY2VvJTI1MjBNaXh0byUyMTVlMCUyMTNtMiUyMTFzZXMtNDE5JTIxMnN1cyUyMTR2MTYxMzMyMDUzNTkyNyUyMTVtMiUyMTFzZXMtNDE5JTIxMnN1cyUyMiUyMHdpZHRoJTNEJTIyNjAwJTIyJTIwaGVpZ2h0JTNEJTIyNDUwJTIyJTIwZnJhbWVib3JkZXIlM0QlMjIwJTIyJTIwc3R5bGUlM0QlMjJib3JkZXIlM0EwJTNCJTIyJTIwYWxsb3dmdWxsc2NyZWVuJTNEJTIyJTIyJTIwYXJpYS1oaWRkZW4lM0QlMjJmYWxzZSUyMiUyMHRhYmluZGV4JTNEJTIyMCUyMiUzRSUzQyUyRmlmcmFtZSUzRQ==&#8221; size=&#8221;200&#8243;][\/vc_column][\/vc_row][vc_row full_width=&#8221;stretch_row&#8221; equal_height=&#8221;yes&#8221; css_animation=&#8221;bounceIn&#8221; css=&#8221;.vc_custom_1613323165911{margin-bottom: -35px !important;padding-top: 35px !important;padding-bottom: 35px !important;background-color: #f5f5f5 !important;}&#8221;][vc_column css=&#8221;.vc_custom_1490178466899{padding-top: 20px !important;padding-right: 20px !important;padding-bottom: 20px !important;padding-left: 20px !important;}&#8221;][vc_text_separator title=&#8221;Formulario de Contacto&#8221; el_id=&#8221;contact_form&#8221;][vc_row_inner css=&#8221;.vc_custom_1501163446629{padding-top: 6px !important;padding-right: 20px !important;padding-bottom: 16px !important;padding-left: 20px !important;background-color: #ffffff !important;}&#8221; el_id=&#8221;contact&#8221;][vc_column_inner]<div role=\"form\" class=\"wpcf7\" id=\"wpcf7-f854-o1\" lang=\"en-US\" dir=\"ltr\">\n<div class=\"screen-reader-response\"><p role=\"status\" aria-live=\"polite\" aria-atomic=\"true\"><\/p> <ul><\/ul><\/div>\n<form action=\"\/sitio\/wp-json\/wp\/v2\/pages\/41#wpcf7-f854-o1\" method=\"post\" class=\"wpcf7-form init\" novalidate=\"novalidate\" data-status=\"init\">\n<div style=\"display: none;\">\n<input type=\"hidden\" name=\"_wpcf7\" value=\"854\" \/>\n<input type=\"hidden\" name=\"_wpcf7_version\" value=\"5.4\" \/>\n<input type=\"hidden\" name=\"_wpcf7_locale\" value=\"en_US\" \/>\n<input type=\"hidden\" name=\"_wpcf7_unit_tag\" value=\"wpcf7-f854-o1\" \/>\n<input type=\"hidden\" name=\"_wpcf7_container_post\" value=\"0\" \/>\n<input type=\"hidden\" name=\"_wpcf7_posted_data_hash\" value=\"\" \/>\n<input type=\"hidden\" name=\"_wpcf7_recaptcha_response\" value=\"\" \/>\n<\/div>\n<div class=\"vc_row make-an-appointment-form\" style=\"line-height:30px;\">\n<div class=\"vc_col-sm-6\">\n<p><span class=\"wpcf7-form-control-wrap your-name\"><input type=\"text\" name=\"your-name\" value=\"\" size=\"30\" class=\"wpcf7-form-control wpcf7-text wpcf7-validates-as-required\" aria-required=\"true\" aria-invalid=\"false\" placeholder=\"Nombre\" \/><\/span> <\/p>\n<p><span class=\"wpcf7-form-control-wrap your-email\"><input type=\"email\" name=\"your-email\" value=\"\" size=\"30\" class=\"wpcf7-form-control wpcf7-text wpcf7-email wpcf7-validates-as-required wpcf7-validates-as-email\" aria-required=\"true\" aria-invalid=\"false\" placeholder=\"Correo Electr\u00f3nico\" \/><\/span> <\/p>\n<p><span class=\"wpcf7-form-control-wrap your-tel\"><input type=\"tel\" name=\"your-tel\" value=\"\" size=\"30\" class=\"wpcf7-form-control wpcf7-text wpcf7-tel wpcf7-validates-as-tel\" aria-invalid=\"false\" placeholder=\"Tel\u00e9fono de Contacto\" \/><\/span> <\/p>\n<p><span class=\"wpcf7-form-control-wrap your-subject\"><input type=\"text\" name=\"your-subject\" value=\"\" size=\"30\" class=\"wpcf7-form-control wpcf7-text\" aria-invalid=\"false\" placeholder=\"Asunto\" \/><\/span> <\/p>\n<\/div>\n<div class=\"vc_col-sm-6\">\n<p><span class=\"wpcf7-form-control-wrap your-message\"><textarea name=\"your-message\" cols=\"30\" rows=\"9\" class=\"wpcf7-form-control wpcf7-textarea wpcf7-validates-as-required\" aria-required=\"true\" aria-invalid=\"false\" placeholder=\"Mensaje\"><\/textarea><\/span> <\/p>\n<\/div>\n<\/div>\n<div class=\"vc_row\">\n<div class=\"vc_col-xs-6\">\n<p style=\"margin-top: 10px;font-size: 15px;line-height: 18px;\">* Todos los campos son Obligatorios<\/p>\n<\/div>\n<div class=\"vc_col-xs-6\">\n<p class=\"form-button pull-right\" style=\"margin-right:-18px\"><input type=\"submit\" value=\"Enviar\" class=\"wpcf7-form-control wpcf7-submit\" \/><\/p>\n<\/div>\n<\/div>\n<p style=\"display: none !important;\" class=\"akismet-fields-container\" data-prefix=\"_wpcf7_ak_\"><label>&#916;<textarea name=\"_wpcf7_ak_hp_textarea\" cols=\"45\" rows=\"8\" maxlength=\"100\"><\/textarea><\/label><input type=\"hidden\" id=\"ak_js_1\" name=\"_wpcf7_ak_js\" value=\"61\"\/><script>document.getElementById( \"ak_js_1\" ).setAttribute( \"value\", ( new Date() ).getTime() );<\/script><\/p><div class=\"wpcf7-response-output\" aria-hidden=\"true\"><\/div><\/form><\/div>[\/vc_column_inner][\/vc_row_inner][\/vc_column][\/vc_row][vc_row][vc_column][vc_column_text]<\/p>\n<div id=\"blockColorblindContent\"><\/div>\n<p>[\/vc_column_text][\/vc_column][\/vc_row]<\/p>\n","protected":false},"excerpt":{"rendered":"<p>[vc_row css=&#8221;.vc_custom_1490185704851{margin-top: 35px !important;margin-bottom: 20px !important;}&#8221;][vc_column width=&#8221;1\/3&#8243; css=&#8221;.vc_custom_1491473586648{margin-top: 0px !important;}&#8221;][vc_single_image image=&#8221;2818&#8243; img_size=&#8221;full&#8221; css=&#8221;.vc_custom_1613320470403{margin-bottom: 0px !important;}&#8221;][\/vc_column][vc_column width=&#8221;1\/3&#8243; css=&#8221;.vc_custom_1490181921013{margin-left: 10px !important;}&#8221;][vc_custom_heading text=&#8221;Bienvenido a Instituci\u00f3n Educativa Sevilla&#8221; font_container=&#8221;tag:h2|font_size:30px|text_align:center|line_height:38px&#8221; use_theme_fonts=&#8221;yes&#8221; css=&#8221;.vc_custom_1613320897153{margin-top: 0px !important;margin-bottom: 10px !important;}&#8221;][vc_custom_heading text=&#8221;Calle 48 #50 &#8211; 69&#8243; font_container=&#8221;tag:h3|font_size:30px|text_align:left|color:%236892d8|line_height:40px&#8221; use_theme_fonts=&#8221;yes&#8221; css=&#8221;.vc_custom_1613321052187{margin-top: 0px !important;margin-bottom: 7px !important;}&#8221;][vc_column_text css=&#8221;.vc_custom_1613321086151{margin-bottom: 15px&nbsp;<a href=\"http:\/\/iesevilla.edu.co\/sitio\/contactanos\/\">&hellip;<\/a><\/p>\n","protected":false},"author":1,"featured_media":0,"parent":0,"menu_order":0,"comment_status":"closed","ping_status":"closed","template":"template-fullwidth-no-title.php","meta":{"footnotes":""},"class_list":["post-41","page","type-page","status-publish","hentry","odd"],"_links":{"self":[{"href":"http:\/\/iesevilla.edu.co\/sitio\/wp-json\/wp\/v2\/pages\/41","targetHints":{"allow":["GET"]}}],"collection":[{"href":"http:\/\/iesevilla.edu.co\/sitio\/wp-json\/wp\/v2\/pages"}],"about":[{"href":"http:\/\/iesevilla.edu.co\/sitio\/wp-json\/wp\/v2\/types\/page"}],"author":[{"embeddable":true,"href":"http:\/\/iesevilla.edu.co\/sitio\/wp-json\/wp\/v2\/users\/1"}],"replies":[{"embeddable":true,"href":"http:\/\/iesevilla.edu.co\/sitio\/wp-json\/wp\/v2\/comments?post=41"}],"version-history":[{"count":52,"href":"http:\/\/iesevilla.edu.co\/sitio\/wp-json\/wp\/v2\/pages\/41\/revisions"}],"predecessor-version":[{"id":3662,"href":"http:\/\/iesevilla.edu.co\/sitio\/wp-json\/wp\/v2\/pages\/41\/revisions\/3662"}],"wp:attachment":[{"href":"http:\/\/iesevilla.edu.co\/sitio\/wp-json\/wp\/v2\/media?parent=41"}],"curies":[{"name":"wp","href":"https:\/\/api.w.org\/{rel}","templated":true}]}}