{"id":2993,"date":"2021-02-14T11:29:05","date_gmt":"2021-02-14T16:29:05","guid":{"rendered":"http:\/\/iesevilla.edu.co\/sitio\/?page_id=2993"},"modified":"2021-02-17T22:01:50","modified_gmt":"2021-02-18T03:01:50","slug":"modelo-pedagogico","status":"publish","type":"page","link":"http:\/\/iesevilla.edu.co\/sitio\/modelo-pedagogico\/","title":{"rendered":"Modelo Pedag\u00f3gico"},"content":{"rendered":"<p>[vc_row][vc_column][vc_custom_heading text=&#8221;ESTRATEGIA PEDAG\u00d3GICA DE LA INSTITUCI\u00d3N&#8221; font_container=&#8221;tag:h2|font_size:30px|text_align:center|line_height:38px&#8221; use_theme_fonts=&#8221;yes&#8221;][vc_column_text]<\/p>\n<p style=\"text-align: justify;\">Nuestro quehacer pedag\u00f3gico gira inevitablemente en torno a los educandos y en nuestro caso ni\u00f1os (as), j\u00f3venes y adultos. Personas que traen un curr\u00edculo de saberes y conocimientos y adem\u00e1s con muchas aspiraciones de aprender, de ser cada d\u00eda mejores.<\/p>\n<p style=\"text-align: justify;\">Todo esto se va logrando poco a poco, remiti\u00e9ndonos a las mismas leyes gubernamentales que rigen a la educaci\u00f3n como el mismo conocimiento de los lineamientos, est\u00e1ndares, competencias e indicadores, que constituyen las gu\u00edas fundamentales de nuestra labor. Para ello se han llevado a cabo una serie de t\u00e1cticas que nos ayudan a cumplir nuestros prop\u00f3sitos; estas t\u00e1cticas han permitido generar unos procesos pedag\u00f3gicos de calidad, lo que ha llevado a tener una excelente relaci\u00f3n t\u00e9cnica maestro \u2013 estudiante, como lo plantea el mismo Decreto 3020. Todo, gracias al equipo humano, directivo, administrativo y docente que no ahorra esfuerzos en dar lo mejor y trabajar mancomunadamente basados en principios human\u00edsticos que permiten fortalecer valores y forjar seres de gran calidad humana.<\/p>\n<p style=\"text-align: justify;\">Dentro de las estrategias que se llevan a cabo, se pueden mencionar algunas como:<\/p>\n<ol>\n<li style=\"font-weight: 400;\" aria-level=\"1\">\n<p style=\"text-align: justify;\">Cobertura en los grados preescolar, b\u00e1sica primaria, b\u00e1sica secundaria, educaci\u00f3n media y ciclos educativos en adultos.<\/p>\n<\/li>\n<li style=\"font-weight: 400;\" aria-level=\"1\"><span style=\"font-weight: 400;\">Trabajos por \u00e1reas y proyectos pedag\u00f3gicos.<\/span><\/li>\n<li style=\"font-weight: 400;\" aria-level=\"1\"><span style=\"font-weight: 400;\">Ofrecimiento de Educaci\u00f3n Posprimaria en la sede Antonia Santos y Bachillerato Acad\u00e9mico Nocturno y Fin de Semana por Ciclos en la Educaci\u00f3n para Adultos, Sede Principal Liceo Mixto.<\/span><\/li>\n<li style=\"font-weight: 400;\" aria-level=\"1\"><span style=\"font-weight: 400;\">Vinculaci\u00f3n de ni\u00f1os (as) con necesidades educativas especiales.<\/span><\/li>\n<li style=\"font-weight: 400;\" aria-level=\"1\"><span style=\"font-weight: 400;\">Celebraci\u00f3n de la semana cultural, donde se involucra toda la comunidad en general, encontrando espacios de interacci\u00f3n e intercambio de experiencias y saberes.<\/span><\/li>\n<li style=\"font-weight: 400;\" aria-level=\"1\"><span style=\"font-weight: 400;\">Est\u00edmulos representados en notas, reconocimientos o manifestaciones verbales.<\/span><\/li>\n<li style=\"font-weight: 400;\" aria-level=\"1\"><span style=\"font-weight: 400;\">Participaci\u00f3n activa en los diferentes eventos deportivos, culturales y sociales del municipio y de la regi\u00f3n.\u00a0<\/span><\/li>\n<li style=\"font-weight: 400;\" aria-level=\"1\"><span style=\"font-weight: 400;\">Los docentes de la Instituci\u00f3n Educativa Sevilla se caracterizan, por desarrollar modelos pedag\u00f3gicos activos, donde el estudiante es el actor protag\u00f3nico de su propio aprendizaje. Se siente dotado de aptitudes y habilidades, de su\u00a0 conocimiento y pr\u00e1ctica con el fin de\u00a0 mejorar sus opciones de vida hacia el futuro.<\/span><\/li>\n<\/ol>\n<p>[\/vc_column_text][vc_tta_accordion style=&#8221;modern&#8221; active_section=&#8221;0&#8243; collapsible_all=&#8221;true&#8221;][vc_tta_section title=&#8221;EJES CONCEPTUALES PEDAG\u00d3GICOS&#8221; tab_id=&#8221;1613615841420-0b8a7e92-8ce5&#8243;][vc_column_text]<\/p>\n<p style=\"text-align: justify;\">La pedagog\u00eda puede considerarse desde diversos puntos de vista: para algunos es el planteamiento y la soluci\u00f3n cient\u00edfica de los problemas educativos, otros consideran que es el conjunto de reglas o de normas que rigen, o deben regir, la actividad educativa. Lo importante es que nos enfrentan con el objeto propio de la pedagog\u00eda: la disciplina, el estudio o el conjunto de normas, que se refieren a un hecho o proceso o actividad del conocimiento Se define tambi\u00e9n la pedagog\u00eda como la ciencia y el arte de la educaci\u00f3n.<\/p>\n<p style=\"text-align: justify;\">La pedagog\u00eda moderna involucra escuela \u2013 ciencia \u2013 tecnolog\u00eda \u2013 comunidad donde es necesario tener conceptos claros acerca de la educaci\u00f3n, para llegar a la construcci\u00f3n de un modelo pedag\u00f3gico que es un patr\u00f3n cultural que va a definir un proceso educativo. Es entonces cuando nace el concepto de PEI que le da sentido al proceso educativo, convirti\u00e9ndose en la carta de navegaci\u00f3n de las instituciones para formar una comunidad educativa participativa, que posibilite una educaci\u00f3n de calidad, propiciando una resignificaci\u00f3n de la instituci\u00f3n educativa y un cambio de relaci\u00f3n entre todos los actores del proceso educativo propiciando la democracia y la autonom\u00eda, fund\u00e1ndose en el respeto de la dignidad humana.<\/p>\n<p style=\"text-align: justify;\">A partir del movimiento pedag\u00f3gico de la d\u00e9cada pasada y de la reforma educativa que se vive en el pa\u00eds, existe conciencia en todos los sectores sobre la necesidad de mejorar la calidad de educaci\u00f3n en la naci\u00f3n, inici\u00e1ndose algunas din\u00e1micas de cambio y transformaci\u00f3n en las instituciones educativas, como la reflexi\u00f3n y cuestionamiento desde la misma comunidad educativa, particularmente de parte de los maestros frente a las pr\u00e1cticas y procesos educativos tradicionales.<\/p>\n<p style=\"text-align: justify;\">Por educaci\u00f3n integral del hombre y mujer estudiantes, se entiende el proceso que promueve el gusto por el saber y las capacidades para \u201cdesenvolverse seg\u00fan los valores de su entorno socio \u2013 cultural; satisfacer sus necesidades, valores y comprometerse en la b\u00fasqueda de avances cient\u00edfico \u2013 tecnol\u00f3gicos, con el fin de participar en la realizaci\u00f3n del proceso socio \u2013 econ\u00f3mico, de equipo y personal.<\/p>\n<p style=\"text-align: justify;\">El estudiante para su realizaci\u00f3n, debe ser su propio autor porque debe aprender haciendo, aprender a aprender, para aprender a hacer; los maestros ser\u00e1n sus colaboradores y facilitadores (Jean Piaget, Adolfo Ferreira).<\/p>\n<p style=\"text-align: justify;\">Los educadores deben brindar una educaci\u00f3n justa para desarrollar la pr\u00e1ctica de la justicia y formar justos (James R. Resto).<\/p>\n<p style=\"text-align: justify;\">La verdadera construcci\u00f3n de conocimientos se produce en respuesta a una motivaci\u00f3n, a intereses y soluci\u00f3n de necesidades. Los medios son los saberes, los recursos y las necesidades.<\/p>\n<p style=\"text-align: justify;\">El desarrollo de toda actividad educativa debe estar precedida de un cuidadoso planeamiento, coherente con los criterios legales e institucionales y ser evaluada de manera permanente.<\/p>\n<p style=\"text-align: justify;\">Nuestra instituci\u00f3n pone en pr\u00e1ctica las reformas educativas propuestas en la Ley General de Educaci\u00f3n \u2013Ley 115 de 1994 y el decreto reglamentario 1860, en donde los educandos, se deben mostrar dispuestos al cambio y a la innovaci\u00f3n en cuanto a las propuestas metodol\u00f3gicas, los recursos y su aplicabilidad al sistema educativo enfocado al constructivismo, como un proceso activo o a una construcci\u00f3n a partir de la acci\u00f3n (una interacci\u00f3n con el mundo y con los otros y otras).<\/p>\n<p><i><span style=\"font-weight: 400;\">Cuenta adicionalmente nuestra instituci\u00f3n con el proyecto educativo para la educaci\u00f3n de adultos sustentado en: El MODELO EDUCATIVO ESCUELA INTEGRAL: UN MODELO DE INCLUSI\u00d3N SOCIAL Y SALUDABLE \u201d<\/span><\/i><span style=\"font-weight: 400;\"> se sustenta dentro de un enfoque pedag\u00f3gico de tipo cr\u00edtico, es decir, la pedagog\u00eda cr\u00edtica fundamentada en la dial\u00e9ctica del di\u00e1logo y en la difusi\u00f3n de contenidos concretos, inseparables de la realidad social. Sociocultural, de corte cognitivo-constructivista social y fundamentalmente de interacci\u00f3n social, dentro de las concepciones de aprendizaje mediado, aut\u00f3nomo y probl\u00e9mico que sostiene la escuela de aprendizaje e interacci\u00f3n social de Vygostky; y de las nuevas concepciones de la \u201cescuela inteligente\u201d de Perkins y la \u201cinteligencia emocional\u201d de Gardner.\u00a0<\/span>[\/vc_column_text][\/vc_tta_section][vc_tta_section title=&#8221;ORIENTACI\u00d3N DE LA ENSE\u00d1ANZA \u2013 APRENDIZAJE&#8221; tab_id=&#8221;1613615841450-796b9a85-7eea&#8221;][vc_column_text]<\/p>\n<p style=\"text-align: justify;\">Los enfoques nuevos desde la perspectiva constructivista se han venido desarrollando, experimentando y suponen que las ideas previas de los estudiantes son un punto de partida necesario y que se debe dise\u00f1ar la instrucci\u00f3n de tal forma que estas ideas se desarrollen y cambien, este es el<\/p>\n<p><b>proceso del cambio conceptual, <\/b><\/p>\n<p style=\"text-align: justify;\">el cual implica una serie de etapas:<\/p>\n<p>&nbsp;<\/p>\n<ol>\n<li style=\"font-weight: 400;\" aria-level=\"1\"><span style=\"font-weight: 400;\">Identificaci\u00f3n y clarificaci\u00f3n de las ideas que poseen los estudiantes utilizando varios recursos.<\/span><\/li>\n<li style=\"font-weight: 400;\" aria-level=\"1\"><span style=\"font-weight: 400;\">Las ideas de los estudiantes se deben poner en conflicto con la ayuda de contraejemplos (m\u00e9todo socr\u00e1tico).<\/span><\/li>\n<li style=\"font-weight: 400;\" aria-level=\"1\"><span style=\"font-weight: 400;\">Introducci\u00f3n de conceptos cient\u00edficos (analog\u00edas, met\u00e1foras) para que relacionen conceptos previos y nuevas construcciones (Postner et al 1982).<\/span><\/li>\n<li style=\"font-weight: 400;\" aria-level=\"1\"><span style=\"font-weight: 400;\">La posibilidad de usar nuevas ideas con nuevas tecnolog\u00edas (simuladores), resoluci\u00f3n de problemas, dise\u00f1o de actividades pr\u00e1cticas.<\/span><\/li>\n<\/ol>\n<p>&nbsp;<\/p>\n<p><b>La teor\u00eda del cambio conceptual<\/b><span style=\"font-weight: 400;\">, propuesta por Postner et al (1982) se fundamenta en las ideas de la psicolog\u00eda cognitiva seg\u00fan la cual el aprendizaje es el resultado de las interacciones entre lo que se ense\u00f1a y las ideas y conceptos que posee el estudiante. Este es un proceso racional (las ideas se comprenden y se aceptan en la medida que sean claras y racionales). El Aprendizaje significativo es una actividad racional.<\/span><\/p>\n<p>&nbsp;<\/p>\n<p style=\"text-align: justify;\">Seg\u00fan la teor\u00eda de Novak (1988). Todas aquellas experiencias que contribuyen al desarrollo de la persona incluyen eventos de adquisici\u00f3n de conocimientos (aprendizaje cognitivo), de cambio en sus emociones y sentimientos (aprendizaje afectivo) y de mejoramiento de sus actuaciones f\u00edsicas y motoras (aprendizaje psicomotor).<\/p>\n<p>&nbsp;<\/p>\n<p><b>El aprendizaje significativo<\/b><span style=\"font-weight: 400;\"> es un concepto clave y es la base para la integraci\u00f3n constructiva de pensamientos, sentimientos y acciones para el impulso y desarrollo humano. Ocurre cuando la nueva informaci\u00f3n, los significados compartidos, se relacionan con la que ya posee el estudiante; para que este se d\u00e9 es necesario que el estudiante posea conceptos y proposiciones con las que pueda relacionar la nueva informaci\u00f3n.<\/span><\/p>\n<p>&nbsp;<\/p>\n<p style=\"text-align: justify;\">El aprendizaje representacional es una forma de aprendizaje significativo, en el cual se reconocen palabras o s\u00edmbolos.<\/p>\n<p>&nbsp;<\/p>\n<p style=\"text-align: justify;\">En el aprendizaje conceptual, el significado de un concepto es dependiente del contexto donde este se construya, es decir que la misma palabra puede tener diferentes connotaciones.<\/p>\n<p>&nbsp;<\/p>\n<p style=\"text-align: justify;\">l aprendizaje significativo tambi\u00e9n puede lograrse mediante el aprendizaje proposicional. El significado que se obtiene a trav\u00e9s de un concepto se logra de las proposiciones que lo contienen.<\/p>\n<p>&nbsp;<\/p>\n<p style=\"text-align: justify;\">La escuela no debe pensar solo en los contenidos acad\u00e9micos sino en introducir el aprendizaje a trav\u00e9s de las actividades l\u00fadicas, dado que el juego concebido por Piaget es un elemento b\u00e1sico para propiciar la reflexi\u00f3n, la autonom\u00eda, an\u00e1lisis, discusi\u00f3n, actividad, cooperativismo, que conducen a un real ejercicio de los principios de la conducta y no solamente a la sumisi\u00f3n de reglas.<\/p>\n<p>&nbsp;<\/p>\n<p style=\"text-align: justify;\">La escuela es parte de la vida y como tal en ella se reflejan las experiencias espont\u00e1neas, viv\u00e9nciales, fantas\u00edas que se expresan a trav\u00e9s de las actividades l\u00fadicas.<\/p>\n<p>&nbsp;<\/p>\n<p style=\"text-align: justify;\">En lo que respecta al desarrollo intelectual, se ha demostrado que el juego favorece la adquisici\u00f3n de los repertorios b\u00e1sicos de atenci\u00f3n, discriminaci\u00f3n, y generalizaci\u00f3n que representan los mecanismos primarios para la formaci\u00f3n de conceptos, convirti\u00e9ndose as\u00ed en un facilitador para el procesamiento y organizaci\u00f3n de la informaci\u00f3n, tambi\u00e9n cumple un papel determinante en el desarrollo de las normas morales, conceptos de justicia, cooperaci\u00f3n, y retribuci\u00f3n.<\/p>\n<p>&nbsp;<\/p>\n<p style=\"text-align: justify;\">En la b\u00fasqueda por encontrar nuevas posibilidades de esparcimiento y aprendizaje, introdujeron el concepto fundamental de interactividad, el cual hace referencia, a la forma como los estudiantes entran en relaci\u00f3n con los objetos expuestos, manipul\u00e1ndolos y estableciendo con ellos un contacto directo individual y colectivo. La interactividad promueve nuevas formas de aprendizaje donde la observaci\u00f3n y la exploraci\u00f3n de un objeto permite hacerlo conocido, verlo mejor, para llegar a descifrar y actuar ante problemas determinados. Existen varias categor\u00edas:<\/p>\n<p>&nbsp;<\/p>\n<p style=\"text-align: justify;\">Interactividad como actividad sensorio motora, se refiere a la posibilidad de utilizar todos los sentidos en el proceso de descubrimiento de los objetos, es decir tocar, sentir, escuchar, observar, probar, degustar.<\/p>\n<p>&nbsp;<\/p>\n<p style=\"text-align: justify;\">Interactividad como manipulaci\u00f3n t\u00e9cnica, es la manera como puede ser utilizado el objeto. Tiene en cuenta dos preguntas b\u00e1sicas: \u00bfPor qu\u00e9 sirve? Y \u00bfC\u00f3mo funciona? El estudiante acciona el mecanismo, observa el resultado de las acciones y aprende a utilizarlo.<\/p>\n<p>&nbsp;<\/p>\n<p style=\"text-align: justify;\">Interactividad como experimentaci\u00f3n, va m\u00e1s all\u00e1 de la simple manipulaci\u00f3n t\u00e9cnica, permite el an\u00e1lisis de los resultados de la acci\u00f3n y busca encontrar nuevas maneras de utilizaci\u00f3n y servicios.<\/p>\n<p>&nbsp;<\/p>\n<p style=\"text-align: justify;\">Interactividad como juego, permite crear eventos y situaciones que llevan a comprender mejor y de manera m\u00e1s global, los fen\u00f3menos naturales y aquellos creados por el hombre<\/p>\n<p>&nbsp;<\/p>\n<p style=\"text-align: justify;\">La educaci\u00f3n escolar debe proporcionar a los estudiantes est\u00edmulos que promuevan el aprendizaje y desarrollen capacidades que coadyuven a su educaci\u00f3n integral y no solo a su instrucci\u00f3n. Por esto se justifica la educaci\u00f3n en valores puesto que las personas deben estar comprometidas con ciertos principios \u00e9ticos que sirvan para evaluar todo tipo de acciones que est\u00e9n presentes en la vida cotidiana y que se manifiesten en conductas, opiniones que suelen dar lugar a normas sociales. Los valores sirven para guiar las conductas de las personas, son el fundamento por el cual hacemos o dejamos de hacer una cosa en un determinado momento. Son creencias o principios normativos y duraderos que sugieren que una conducta o un estado final de la existencia es personal y socialmente preferible a otros considerados opuestos o contradictorios.<\/p>\n<p>&nbsp;<\/p>\n<p style=\"text-align: justify;\">Los valores se perciben mediante una operaci\u00f3n no intelectual llamada estimaci\u00f3n a las que se les asignan jerarqu\u00edas y se clasifican en vitales, materiales, intelectuales, morales, est\u00e9ticos, religiosos.<\/p>\n<p>&nbsp;<\/p>\n<p style=\"text-align: justify;\">Los valores pueden ser realizados, descubiertos, incorporados por el ser humano, aqu\u00ed reside su importancia pedag\u00f3gica. El descubrimiento, la incorporaci\u00f3n, la realizaci\u00f3n de valores positivos, constituyen los tres pilares b\u00e1sicos de la tarea educativa.<\/p>\n<p>&nbsp;<\/p>\n<p style=\"text-align: justify;\">La humanidad ha sufrido un cambio, por ello debemos estar atentos a los valores que van emergiendo dispuestos a modificar nuestra forma de actuar como elementos efectivos de esta din\u00e1mica. Insertar en los centros educativos una cultura en valores, es educar al estudiante para que se oriente hacia el valor real de las cosas.<\/p>\n<p>&nbsp;<\/p>\n<p style=\"text-align: justify;\">Por esta pedagog\u00eda las personas implicadas creen que la vida tiene un sentido, reconocen y respetan la dignidad de todos los seres que son fundamento de un dialogo que har\u00e1 posible la paz, es tambi\u00e9n una gu\u00eda del individuo para su deseo de autorrelaci\u00f3n y perfecci\u00f3n.<\/p>\n<p>&nbsp;<\/p>\n<p style=\"text-align: justify;\">En este caso el objetivo de la educaci\u00f3n es ayudar al educando a moverse libremente por el universo de los valores para que aprendan a conocer, querer e inclinarse por aquello que sea noble, justo y valioso. Educar en valores es educar moralmente por que ense\u00f1an al individuo a comportarse como hombres, establecer jerarqu\u00edas entre las cosas, llegar a la convicci\u00f3n de que algo importa o no importa, vale o no vale.<\/p>\n<p>&nbsp;<\/p>\n<p style=\"text-align: justify;\">Una vez interiorizado los valores se convierten en gu\u00edas y pautas de conducta en cuya ausencia la persona queda a merced de criterios y pautas ajenas.<\/p>\n<p>&nbsp;<\/p>\n<p style=\"text-align: justify;\">Los valores ayudan a aceptarse y a estimarse tal y como es, facilitando una relaci\u00f3n madura y equilibrada con las personas y las cosas. Hay criterios que se deben reconocer por s\u00ed mismos, como deseables para la convivencia pac\u00edfica y respetuosa con los dem\u00e1s, estando por encima de sus intereses personales.<\/p>\n<p>[\/vc_column_text][\/vc_tta_section][vc_tta_section title=&#8221;\u00bfQU\u00c9 SE PROPONE CURRICULARMENTE LA INSTITUCI\u00d3N?&#8221; tab_id=&#8221;1613616182854-f2a52f48-e7fd&#8221;][vc_column_text]<\/p>\n<ol>\n<li style=\"font-weight: 400;\" aria-level=\"1\"><span style=\"font-weight: 400;\">Favorecer el pleno desarrollo de la personalidad de los estudiantes, en los aspectos f\u00edsico \u2013 biol\u00f3gico, conjuntivo y socio afectivo.<\/span><\/li>\n<li style=\"font-weight: 400;\" aria-level=\"1\"><span style=\"font-weight: 400;\">Adoptar el proceso de ense\u00f1anza a las peculiaridades e intereses de los estudiantes.<\/span><\/li>\n<li style=\"font-weight: 400;\" aria-level=\"1\"><span style=\"font-weight: 400;\">Prepararlos de la forma m\u00e1s adecuada para su inserci\u00f3n activa a la vida social y del trabajo.<\/span><\/li>\n<li style=\"font-weight: 400;\" aria-level=\"1\"><span style=\"font-weight: 400;\">En la formaci\u00f3n de todos los grados se har\u00e1 especial atenci\u00f3n a los temas como la educaci\u00f3n sexual y salud, el medio ambiente y la vida en comunidad.<\/span><\/li>\n<li style=\"font-weight: 400;\" aria-level=\"1\"><span style=\"font-weight: 400;\">Se valorizar\u00e1 la forma democr\u00e1tica de vida con \u00e9nfasis en valores como la cooperaci\u00f3n, la solidaridad, la tolerancia, el dialogo, y el respeto mutuo.<\/span><\/li>\n<li style=\"font-weight: 400;\" aria-level=\"1\"><span style=\"font-weight: 400;\">Debe primar la formaci\u00f3n en valores desde el hogar como el primer n\u00facleo de la sociedad, en la instituci\u00f3n se implementar\u00e1 la Escuela para Padres, desde el grado de transici\u00f3n, pasando por la B\u00e1sica primaria, B\u00e1sica Secundaria,\u00a0 Educaci\u00f3n Media y ciclos de adultos.<\/span><\/li>\n<li style=\"font-weight: 400;\" aria-level=\"1\"><span style=\"font-weight: 400;\">Se retomar\u00e1 el civismo y la urbanidad como un componente dentro del \u00e1rea de ciencias sociales y la c\u00e1tedra de paz.<\/span><\/li>\n<li style=\"font-weight: 400;\" aria-level=\"1\"><span style=\"font-weight: 400;\">Se ejercitar\u00e1 a los estudiantes en el razonamiento cr\u00edtico, con necesario respeto de las normas de convivencia social.\u00a0<\/span><\/li>\n<\/ol>\n<p>[\/vc_column_text][\/vc_tta_section][vc_tta_section title=&#8221;METODOLOG\u00cdA&#8221; tab_id=&#8221;1613616185402-17d6e35d-7798&#8243;][vc_column_text]<\/p>\n<p style=\"text-align: justify;\">Se propone una metodolog\u00eda activa, participativa que permita la integraci\u00f3n de la familia y la comunidad educativa en el proceso de desarrollo integral de la persona.<\/p>\n<p style=\"text-align: justify;\">Tiene ella particular importancia en el desarrollo de talleres adecuados en todos los niveles que permitan la libre participaci\u00f3n para expresar dudas, temores, afectos que posibiliten el aprendizaje mutuo.<\/p>\n<p style=\"text-align: justify;\">Dentro de estos talleres se aplican diversos medios que permiten el enriquecimiento de los participantes acorde con estos, tales como: Carteleras, videos, foros, lecturas, juegos, din\u00e1micas, trabajos en grupo, conferencias.<\/p>\n<p style=\"text-align: justify;\">En todo caso, la metodolog\u00eda y enfoque educativos atender\u00e1n criterios y patrones esenciales del Modelo Pedag\u00f3gico Constructivista y sus componentes principales.<\/p>\n<p>[\/vc_column_text][\/vc_tta_section][\/vc_tta_accordion][\/vc_column][\/vc_row][vc_row][vc_column]<a href=\"http:\/\/iesevilla.edu.co\/sitio\/wp-content\/uploads\/2021\/02\/IESEVILLA_ESTRATEGIA_PEDAGOGICA_INSTITUCIONAL.pdf\" class=\"wh-button  scp_theme_button-548b0ec581609289ae809cef44695dff\" title=\"IESEVILLA_ESTRATEGIA_PEDAGOGICA_INSTITUCIONAL\" target=\"_blank\">Descargar Estrategia Pedag\u00f3gica Institucional<\/a>[\/vc_column][\/vc_row]<\/p>\n","protected":false},"excerpt":{"rendered":"<p>[vc_row][vc_column][vc_custom_heading text=&#8221;ESTRATEGIA PEDAG\u00d3GICA DE LA INSTITUCI\u00d3N&#8221; font_container=&#8221;tag:h2|font_size:30px|text_align:center|line_height:38px&#8221; use_theme_fonts=&#8221;yes&#8221;][vc_column_text] Nuestro quehacer pedag\u00f3gico gira inevitablemente en torno a los educandos y en nuestro caso ni\u00f1os (as), j\u00f3venes y adultos. Personas que traen un curr\u00edculo de saberes y conocimientos y adem\u00e1s con muchas aspiraciones de aprender, de ser&nbsp;<a href=\"http:\/\/iesevilla.edu.co\/sitio\/modelo-pedagogico\/\">&hellip;<\/a><\/p>\n","protected":false},"author":1,"featured_media":0,"parent":0,"menu_order":0,"comment_status":"closed","ping_status":"closed","template":"","meta":{"footnotes":""},"class_list":["post-2993","page","type-page","status-publish","hentry","odd"],"_links":{"self":[{"href":"http:\/\/iesevilla.edu.co\/sitio\/wp-json\/wp\/v2\/pages\/2993","targetHints":{"allow":["GET"]}}],"collection":[{"href":"http:\/\/iesevilla.edu.co\/sitio\/wp-json\/wp\/v2\/pages"}],"about":[{"href":"http:\/\/iesevilla.edu.co\/sitio\/wp-json\/wp\/v2\/types\/page"}],"author":[{"embeddable":true,"href":"http:\/\/iesevilla.edu.co\/sitio\/wp-json\/wp\/v2\/users\/1"}],"replies":[{"embeddable":true,"href":"http:\/\/iesevilla.edu.co\/sitio\/wp-json\/wp\/v2\/comments?post=2993"}],"version-history":[{"count":11,"href":"http:\/\/iesevilla.edu.co\/sitio\/wp-json\/wp\/v2\/pages\/2993\/revisions"}],"predecessor-version":[{"id":3046,"href":"http:\/\/iesevilla.edu.co\/sitio\/wp-json\/wp\/v2\/pages\/2993\/revisions\/3046"}],"wp:attachment":[{"href":"http:\/\/iesevilla.edu.co\/sitio\/wp-json\/wp\/v2\/media?parent=2993"}],"curies":[{"name":"wp","href":"https:\/\/api.w.org\/{rel}","templated":true}]}}