{"id":28,"date":"2010-09-18T14:34:38","date_gmt":"2010-09-18T14:34:38","guid":{"rendered":"http:\/\/www.iesevilla.edu.co\/colegio\/sitio\/"},"modified":"2021-03-14T15:37:56","modified_gmt":"2021-03-14T20:37:56","slug":"mision-y-vision","status":"publish","type":"page","link":"http:\/\/iesevilla.edu.co\/sitio\/institucional\/mision-y-vision\/","title":{"rendered":"Misi\u00f3n y Visi\u00f3n"},"content":{"rendered":"<p>[vc_row][vc_column][vc_column_text]<a href=\"http:\/\/www.iesevilla.edu.co\/sitio\/wp-content\/uploads\/2010\/09\/Escudo-IE-Sevilla.jpg\"><img loading=\"lazy\" decoding=\"async\" class=\"aligncenter size-medium wp-image-199\" title=\"Escudo IE Sevilla\" src=\"http:\/\/www.iesevilla.edu.co\/sitio\/wp-content\/uploads\/2010\/09\/Escudo-IE-Sevilla-281x300.jpg\" alt=\"\" width=\"281\" height=\"300\" \/><\/a><\/p>\n<h2 style=\"text-align: center;\">INSTITUCI\u00d3N EDUCATIVA SEVILLA<\/h2>\n<h4 style=\"text-align: center;\"><em>\u201cTalentos con Calidad Humana\u201d<\/em><\/h4>\n<p>[\/vc_column_text][\/vc_column][\/vc_row][vc_row css=&#8221;.vc_custom_1611798889933{border-top-width: 1px !important;border-right-width: 1px !important;border-bottom-width: 1px !important;border-left-width: 1px !important;background-color: #f7f7f7 !important;border-left-color: #f0f0f0 !important;border-left-style: solid !important;border-right-color: #f0f0f0 !important;border-right-style: solid !important;border-top-color: #f0f0f0 !important;border-top-style: solid !important;border-bottom-color: #f0f0f0 !important;border-bottom-style: solid !important;border-radius: 2px !important;}&#8221;][vc_column width=&#8221;1\/2&#8243;][vc_custom_heading text=&#8221;MISI\u00d3N&#8221; font_container=&#8221;tag:h2|text_align:center&#8221; use_theme_fonts=&#8221;yes&#8221;][vc_column_text]<\/p>\n<h4>Ser una Instituci\u00f3n Educativa de car\u00e1cter p\u00fablico, l\u00edder, que incluya y egrese estudiantes de diversa condici\u00f3n, soportado en talentos con calidad humana.<\/h4>\n<p>[\/vc_column_text][\/vc_column][vc_column width=&#8221;1\/2&#8243;][vc_custom_heading text=&#8221;VISI\u00d3N&#8221; font_container=&#8221;tag:h2|text_align:center&#8221; use_theme_fonts=&#8221;yes&#8221;][vc_column_text]<\/p>\n<h4>Al 2022 la Instituci\u00f3n Educativa Sevilla, ser\u00e1 l\u00edder con reconocimiento acad\u00e9mico regional, por la calidad de su modelo educativo incluyente , sus proyectos pedag\u00f3gicos, sus valores cient\u00edficos, human\u00edsticos y democr\u00e1ticos, para contribuir a la transformaci\u00f3n positiva de su realidad social.<\/h4>\n<p>[\/vc_column_text][\/vc_column][\/vc_row]<\/p>\n<div id=\"blockColorblindContent\"><\/div>\n","protected":false},"excerpt":{"rendered":"<p>[vc_row][vc_column][vc_column_text] INSTITUCI\u00d3N EDUCATIVA SEVILLA \u201cTalentos con Calidad Humana\u201d [\/vc_column_text][\/vc_column][\/vc_row][vc_row css=&#8221;.vc_custom_1611798889933{border-top-width: 1px !important;border-right-width: 1px !important;border-bottom-width: 1px !important;border-left-width: 1px !important;background-color: #f7f7f7 !important;border-left-color: #f0f0f0 !important;border-left-style: solid !important;border-right-color: #f0f0f0 !important;border-right-style: solid !important;border-top-color: #f0f0f0 !important;border-top-style: solid !important;border-bottom-color: #f0f0f0 !important;border-bottom-style: solid !important;border-radius: 2px !important;}&#8221;][vc_column width=&#8221;1\/2&#8243;][vc_custom_heading text=&#8221;MISI\u00d3N&#8221; font_container=&#8221;tag:h2|text_align:center&#8221; use_theme_fonts=&#8221;yes&#8221;][vc_column_text] Ser una Instituci\u00f3n&nbsp;<a href=\"http:\/\/iesevilla.edu.co\/sitio\/institucional\/mision-y-vision\/\">&hellip;<\/a><\/p>\n","protected":false},"author":1,"featured_media":0,"parent":3099,"menu_order":0,"comment_status":"closed","ping_status":"open","template":"template-sidebar-right-childpages.php","meta":{"footnotes":""},"class_list":["post-28","page","type-page","status-publish","hentry","odd"],"_links":{"self":[{"href":"http:\/\/iesevilla.edu.co\/sitio\/wp-json\/wp\/v2\/pages\/28","targetHints":{"allow":["GET"]}}],"collection":[{"href":"http:\/\/iesevilla.edu.co\/sitio\/wp-json\/wp\/v2\/pages"}],"about":[{"href":"http:\/\/iesevilla.edu.co\/sitio\/wp-json\/wp\/v2\/types\/page"}],"author":[{"embeddable":true,"href":"http:\/\/iesevilla.edu.co\/sitio\/wp-json\/wp\/v2\/users\/1"}],"replies":[{"embeddable":true,"href":"http:\/\/iesevilla.edu.co\/sitio\/wp-json\/wp\/v2\/comments?post=28"}],"version-history":[{"count":22,"href":"http:\/\/iesevilla.edu.co\/sitio\/wp-json\/wp\/v2\/pages\/28\/revisions"}],"predecessor-version":[{"id":2985,"href":"http:\/\/iesevilla.edu.co\/sitio\/wp-json\/wp\/v2\/pages\/28\/revisions\/2985"}],"up":[{"embeddable":true,"href":"http:\/\/iesevilla.edu.co\/sitio\/wp-json\/wp\/v2\/pages\/3099"}],"wp:attachment":[{"href":"http:\/\/iesevilla.edu.co\/sitio\/wp-json\/wp\/v2\/media?parent=28"}],"curies":[{"name":"wp","href":"https:\/\/api.w.org\/{rel}","templated":true}]}}