{"id":2719,"date":"2021-01-25T22:19:26","date_gmt":"2021-01-26T03:19:26","guid":{"rendered":"http:\/\/iesevilla.edu.co\/sitio\/?page_id=2719"},"modified":"2021-03-14T15:43:42","modified_gmt":"2021-03-14T20:43:42","slug":"politica-de-tratamiento-de-datos","status":"publish","type":"page","link":"http:\/\/iesevilla.edu.co\/sitio\/institucional\/politica-de-tratamiento-de-datos\/","title":{"rendered":"Pol\u00edtica de Tratamiento de Datos"},"content":{"rendered":"<p>[vc_row][vc_column][vc_custom_heading text=&#8221;POL\u00cdTICA DE TRATAMIENTO DE DATOS PERSONALES INSTITUCION EDUCATIVA SEVILLA&#8221; font_container=&#8221;tag:h2|text_align:center&#8221; use_theme_fonts=&#8221;yes&#8221;][vc_empty_space][\/vc_column][\/vc_row][vc_row][vc_column][vc_column_text]<strong>JUSTIFICACI\u00d3N<\/strong><\/p>\n<p><span style=\"font-weight: 400;\">La Instituci\u00f3n Educativa Sevilla- en lo sucesivo \u201cLa Instituci\u00f3n\u201d &#8211; en cumplimiento con lo dispuesto en la Constituci\u00f3n Pol\u00edtica de Colombia y la Ley Estatutaria 1581 de 2012 y sus normas reglamentarias y complementarias, garantiza de forma integral la protecci\u00f3n y el ejercicio del derecho fundamental de Habeas Data de todos los titulares de la informaci\u00f3n de car\u00e1cter personal, de la cual sea responsable o encargada de su tratamiento, as\u00ed mismo garantizar\u00e1 en todo momento los derechos fundamentales a la intimidad, el buen nombre y la privacidad de las personas f\u00edsicas, raz\u00f3n por la cual adopta y aplica el presente escrito.<\/span><\/p>\n<p><span style=\"font-weight: 400;\">En la Instituci\u00f3n somos conscientes que en muchas ocasiones el incumplimiento de la ley se debe a la falta de conocimiento y de informaci\u00f3n de las normas, derechos y procedimientos existentes. Por lo tanto, en este escrito podr\u00e1 conocer los derechos y obligaciones que la Ley 1581 de 2012 y las normas complementarias que han desarrollado, garantizando el derecho a la protecci\u00f3n de datos personales.<\/span><\/p>\n<p>&nbsp;<\/p>\n<p><b>OBJETO<\/b><\/p>\n<p><span style=\"font-weight: 400;\">La pol\u00edtica del tratamiento de datos se aplicar\u00e1 a todas las bases de datos con que cuenta la instituci\u00f3n, bien sea como RESPONSABLE o ENCARGADO de tratamiento de datos, para el desarrollo de las actividades y finalidades para las cuales fueron recolectados los datos personales. La Sede Principal de la IE SEVILLA est\u00e1 ubicada en la Calle 48 #50-69 Sevilla \u2013 Valle del Cauca, tel\u00e9fono 2196162, e-mail: protecciondatos@iesevilla.edu.co. Igualmente se aplica a los terceros que de una u otra manera gestionan bases de datos personales de la instituci\u00f3n en virtud de contratos para compartir bases de datos.<\/span><\/p>\n<p>&nbsp;<\/p>\n<p><b>DERECHOS DE LOS TITULARES<\/b><\/p>\n<p><span style=\"font-weight: 400;\">La Instituci\u00f3n, reconoce el derecho fundamental a conocer, actualizar, rectificar y borrar los datos y revocar la autorizaci\u00f3n al tratamiento de datos personales, por tanto y conforme a la ley, se\u00f1ala los siguientes derechos en cabeza de dichos titulares:<\/span><\/p>\n<ul>\n<li style=\"font-weight: 400;\" aria-level=\"1\"><span style=\"font-weight: 400;\">Acceder, conocer, actualizar y rectificar sus datos personales frente a la Instituci\u00f3n en su condici\u00f3n de responsable del tratamiento de datos personales.<\/span><\/li>\n<li style=\"font-weight: 400;\" aria-level=\"1\"><span style=\"font-weight: 400;\">Solicitar prueba de la existencia de la autorizaci\u00f3n otorgada a La Instituci\u00f3n, salvo los casos en los que la Ley except\u00faa la autorizaci\u00f3n.<\/span><\/li>\n<li style=\"font-weight: 400;\" aria-level=\"1\"><span style=\"font-weight: 400;\">Recibir informaci\u00f3n por parte de La Instituci\u00f3n, previa solicitud, respecto del uso que le ha dado a sus datos personales.<\/span><\/li>\n<li style=\"font-weight: 400;\" aria-level=\"1\"><span style=\"font-weight: 400;\">Presentar quejas por infracciones a lo dispuesto en la normatividad vigente ante la Superintendencia de Industria y Comercio (SIC).<\/span><\/li>\n<li style=\"font-weight: 400;\" aria-level=\"1\"><span style=\"font-weight: 400;\">Modificar y revocar la autorizaci\u00f3n y\/o solicitar la supresi\u00f3n de los datos personales, cuando en el Tratamiento no se respeten los principios, derechos y garant\u00edas constitucionales y legales vigentes. Este Derecho de revocatoria de la autorizaci\u00f3n no es absoluto siempre y cuando exista una obligaci\u00f3n legal o contractual que limite este Derecho.<\/span><\/li>\n<li style=\"font-weight: 400;\" aria-level=\"1\"><span style=\"font-weight: 400;\">Tener conocimiento y acceder en forma gratuita a sus datos personales que hayan sido objeto de tratamiento.<\/span><\/li>\n<\/ul>\n<p><b>Nota: <\/b><span style=\"font-weight: 400;\">Estos derechos solamente se reconocen y garantizan sobre los datos de car\u00e1cter personal de las personas naturales que se encuentren almacenados en bases de datos diferentes a la de los registros p\u00fablicos.<\/span><\/p>\n<p>&nbsp;<\/p>\n<p><b>AUTORIZACI\u00d3N PARA USO DE DATOS PERSONALES<\/b><\/p>\n<p><span style=\"font-weight: 400;\">La instituci\u00f3n requiere obtener el consentimiento libre, previo y expreso por parte de los Titulares para poder realizar tratamiento a sus datos personales. Para este fin, la IE SEVILLA dispone de los mecanismos necesarios para obtener esta autorizaci\u00f3n de los Titulares, garantizando en todo momento su verificaci\u00f3n. La autorizaci\u00f3n por parte del Titular puede realizarse en un documento f\u00edsico, electr\u00f3nico o en cualquier otro formato (contrato de matr\u00edcula) ya sea diligenciado por el titular o por un tercero bajo responsabilidad de aquel, que permita garantizar su posterior consulta, o mediante un mecanismo t\u00e9cnico, tecnol\u00f3gico o procedimental a trav\u00e9s del cual se pueda concluir de manera inequ\u00edvoca, que de no haberse producido una conducta del titular, los datos nunca hubieren sido recolectados y almacenados en las bases de datos. La Instituci\u00f3n en los t\u00e9rminos dispuestos en la ley dispondr\u00e1 del aviso en el cual se comunica a los titulares que pueden ejercer su derecho al tratamiento de los datos personales a trav\u00e9s de la p\u00e1gina <\/span><span style=\"font-weight: 400;\">www.iesevilla.edu.co<\/span><span style=\"font-weight: 400;\"> y del correo electr\u00f3nico: protecciondatos@iesevilla.edu.co<\/span><\/p>\n<p>&nbsp;<\/p>\n<p><b>RECOLECCI\u00d3N, ALMACENAMIENTO, USO, CIRCULACI\u00d3N, SUPRESI\u00d3N Y TRATAMIENTO A LOS DATOS:<\/b><\/p>\n<p><span style=\"font-weight: 400;\">La instituci\u00f3n ha recolectado los datos personales para los fines propios de la gesti\u00f3n educativa y administrativa que se se\u00f1alan m\u00e1s adelante. En desarrollo de su actividad principal recolecta y administra los datos de aspirantes, estudiantes, padres de familia, acudientes y su grupo familiar, egresados, proveedores y contratistas. Estos datos son indispensables para la adecuada prestaci\u00f3n de los servicios de educaci\u00f3n y funcionamiento de la instituci\u00f3n. En el desarrollo del servicio de educaci\u00f3n, administra datos de ni\u00f1os, ni\u00f1as y adolescentes, cuyo tratamiento se sujeta a lo se\u00f1alado en el Art\u00edculo 7\u00ba de la Ley 1581 de 2012, el Art\u00edculo 12 del Decreto 1377 de 2013 y la Sentencia C-778 de 2012 de la Corte Constitucional.<\/span><\/p>\n<p><span style=\"font-weight: 400;\">En cuanto a los egresados, trata los datos con el fin de estrechar el relacionamiento con la instituci\u00f3n.<\/span><\/p>\n<p><span style=\"font-weight: 400;\">En cuanto a los datos de personas naturales candidatos a empleados, personal vinculado por diferentes formas contractuales, proveedores o contratistas, estos son tratados por la instituci\u00f3n para los fines propios de dichas relaciones contractuales.<\/span><\/p>\n<p><span style=\"font-weight: 400;\">El titular de los datos acepta expresamente que la instituci\u00f3n recolecta, <\/span><span style=\"font-weight: 400;\">almacene, procese y trate los datos personales, para los fines expresados en la ley y en la presente pol\u00edtica.<\/span><\/p>\n<p><span style=\"font-weight: 400;\">Para obtener la autorizaci\u00f3n utilizar\u00e1 diferentes medios que permitan de parte del titular su manifestaci\u00f3n libre, clara, expresa e informada. Los medios dispuestos son: documentos f\u00edsicos, correo electr\u00f3nico, planillas en plataforma web y formatos de autorizaci\u00f3n.<\/span><\/p>\n<p>&nbsp;<\/p>\n<p><b>AVISO DE PRIVACIDAD<\/b><\/p>\n<p><span style=\"font-weight: 400;\">El aviso de privacidad es un documento f\u00edsico, electr\u00f3nico o en cualquier otro formato, que es puesto a disposici\u00f3n del titular para el tratamiento de sus datos personales. De conformidad con el art\u00edculo 14 del Decreto 1377 de 2013 el aviso de privacidad emitido por la instituci\u00f3n debe contener la siguiente informaci\u00f3n: a) Entidad, domicilio y datos de contacto del responsable del tratamiento. b) Finalidad del tratamiento. c) Mecanismos de consulta para que el Titular pueda acceder o consultar la pol\u00edtica de tratamiento de informaci\u00f3n. Para efecto de la presente pol\u00edtica y teniendo en cuenta que puede ser actualizado en cualquier momento, ha dise\u00f1ado el siguiente modelo:<\/span><\/p>\n<p><span style=\"font-weight: 400;\">\u201cAVISO DE PRIVACIDAD: La Instituci\u00f3n Educativa Sevilla, entidad p\u00fablica identificada con <\/span><span style=\"font-weight: 400;\">Nit 891900536-0<\/span><span style=\"font-weight: 400;\"> domiciliada en Sevilla (Valle del Cauca) <\/span><span style=\"font-weight: 400;\">Calle 48 #50-69<\/span><span style=\"font-weight: 400;\"> respeta la privacidad de los integrantes de la comunidad educativa y en general de toda persona natural titular de datos personales que suministren su informaci\u00f3n. La instituci\u00f3n recibe informaci\u00f3n, la almacena, y la usa de forma adecuada y segura de acuerdo a su pol\u00edtica de tratamiento de datos personales y a la normatividad vigente, la informaci\u00f3n personal recolectada por la instituci\u00f3n ser\u00e1 utilizada para Registros acad\u00e9micos, reporte de matr\u00edculas, consultas en bases de datos de otras entidades, para proyectos pedag\u00f3gicos y acad\u00e9micos, datos recolectados para valoraci\u00f3n psicol\u00f3gica en el proceso de admisi\u00f3n, plataforma educativa de la Instituci\u00f3n, informaci\u00f3n indispensable para el registro financiero y contable, registro para inscripciones de pruebas de estado y dem\u00e1s competencias estatales e interinstitucionales, valoraciones m\u00e9dicas ante necesidad de primeros auxilios, control de disciplina, monitoreo de seguridad en las instalaciones de la instituci\u00f3n, socializaci\u00f3n de actividades institucionales en la p\u00e1gina Web, redes sociales y material impreso; transferencia de datos a entidades p\u00fablicas o administrativas en ejercicio de las competencias legales o por orden judicial, convenios educativos y carnetizaci\u00f3n; cualquier persona puede consultar la exactitud de esta informaci\u00f3n y tomar las medidas para su actualizaci\u00f3n y\/o solicitar su eliminaci\u00f3n al correo electr\u00f3nico: protecciondatos@iesevilla.edu.co<\/span><span style=\"font-weight: 400;\">\u00a0y nuestra pol\u00edtica puede ser consultada en la p\u00e1gina<\/span><span style=\"font-weight: 400;\"> www.<\/span><span style=\"font-weight: 400;\">iesevilla<\/span><span style=\"font-weight: 400;\">.edu.co<\/span><\/p>\n<p><span style=\"font-weight: 400;\">La instituci\u00f3n, utilizando medios inform\u00e1ticos, tecnol\u00f3gicos o f\u00edsicos, conservar\u00e1 el precitado modelo del aviso de privacidad que sea transmitido a los titulares, mientras se realiza el tratamiento de sus datos personales.<\/span><\/p>\n<p>&nbsp;<\/p>\n<p><b>TRATAMIENTO AL CUAL SER\u00c1N SOMETIDOS LOS DATOS Y FINALIDAD DEL MISMO<\/b><\/p>\n<p><span style=\"font-weight: 400;\">El tratamiento de los datos personales de padres de familia, estudiantes, egresados, ex alumnos, profesores, empleados, ex empleados, pensionados, proveedores, contratistas, o de cualquier persona con la cual la instituci\u00f3n tuviere establecida o estableciera una relaci\u00f3n, permanente u ocasional, lo realizar\u00e1 en el marco legal que regula la materia y en virtud de su condici\u00f3n de Instituci\u00f3n de Educaci\u00f3n.<\/span><\/p>\n<p><span style=\"font-weight: 400;\">En todo caso, los datos personales podr\u00e1n ser recolectados y tratados para:<\/span><\/p>\n<p><strong>\u00a0 a.<\/strong> El Titular haya dado su autorizaci\u00f3n expl\u00edcita a dicho tratamiento, salvo en\u00a0 \u00a0 \u00a0 los casos que por ley no sea requerido el otorgamiento de dicha autorizaci\u00f3n.<\/p>\n<p><strong>\u00a0 b. <\/strong>El Tratamiento sea necesario para salvaguardar el inter\u00e9s vital del Titular y este se encuentre f\u00edsica o jur\u00eddicamente incapacitado. En estos eventos, los representantes legales deber\u00e1n otorgar su autorizaci\u00f3n.<\/p>\n<p><span style=\"font-weight: 400;\">\u00a0 <strong>c.<\/strong> El Tratamiento sea efectuado en el curso de las actividades leg\u00edtimas y con l<\/span><span style=\"font-weight: 400;\">as debidas garant\u00edas por parte de una fundaci\u00f3n, ONG, asociaci\u00f3n o cualquier otro organismo sin \u00e1nimo de lucro, cuya finalidad sea pol\u00edtica, filos\u00f3fica, religiosa o sindical, siempre que se refieran exclusivamente a sus miembros o a las personas que mantengan contactos regulares por raz\u00f3n de su finalidad. En estos eventos, los datos no se podr\u00e1n suministrar a terceros sin la autorizaci\u00f3n del Titular.\u00a0<\/span><\/p>\n<p><span style=\"font-weight: 400;\"><strong>\u00a0 d.<\/strong> El Tratamiento se refiere a datos que sean necesarios para el reconocimiento, ejercicio o defensa de un derecho en un proceso judicial.\u00a0<\/span><\/p>\n<p><span style=\"font-weight: 400;\">\u00a0 <strong>e.<\/strong> El Tratamiento tiene una finalidad hist\u00f3rica, estad\u00edstica o cient\u00edfica. En este evento deber\u00e1n adoptarse las medidas conducentes a la supresi\u00f3n de identidad de los Titulares. El tratamiento de datos personales de ni\u00f1os, ni\u00f1as y adolescentes est\u00e1 prohibido, excepto cuando se trate de datos de naturaleza p\u00fablica, y cuando dicho tratamiento cumpla con los siguientes par\u00e1metros y\/o requisitos: 1-que respondan y respeten el inter\u00e9s superior de los ni\u00f1os, ni\u00f1as y adolescentes.\u00a0 2-que se asegure el respeto de sus derechos fundamentales. Cumplidos los anteriores requisitos, el representante legal de los ni\u00f1os, ni\u00f1as o adolescentes otorgar\u00e1 la autorizaci\u00f3n, previo ejercicio del menor de su derecho a ser escuchado, opini\u00f3n que ser\u00e1 valorada teniendo en cuenta la madurez, autonom\u00eda y capacidad para entender el asunto. La Instituci\u00f3n velar\u00e1 por el uso adecuado del tratamiento de los datos personales de los ni\u00f1os, ni\u00f1as o adolescentes.\u00a0<\/span><\/p>\n<p>&nbsp;<\/p>\n<p><b>PROCEDIMIENTOS<\/b><\/p>\n<p><span style=\"font-weight: 400;\">PROCEDIMIENTO PARA EL EJERCICIO DEL DERECHO DE LOS TITULARES DE LOS DATOS PERSONALES EN INSTITUCI\u00d3N EDUCATIVA SEVILLA en el tratamiento de datos personales, define los siguientes procedimientos, los cuales s\u00f3lo pueden ser ejercidos por el titular de los datos, sus herederos o representantes.<\/span><\/p>\n<p><span style=\"font-weight: 400;\">Para el ejercicio de sus derechos, suministrar\u00e1n al menos la siguiente informaci\u00f3n:<\/span><\/p>\n<p><span style=\"font-weight: 400;\">Nombre del titular: _________________________________________________<\/span><\/p>\n<p>&nbsp;<\/p>\n<p><span style=\"font-weight: 400;\">Identificaci\u00f3n: _________________<\/span><\/p>\n<p>&nbsp;<\/p>\n<p><span style=\"font-weight: 400;\">Procedimiento: Consulta __ Correcci\u00f3n __ Actualizaci\u00f3n __ Supresi\u00f3n __ Revocatoria __<\/span><\/p>\n<p>&nbsp;<\/p>\n<p><span style=\"font-weight: 400;\">Descripci\u00f3n de los hechos que dan lugar a la solicitud:<\/span><\/p>\n<p><span style=\"font-weight: 400;\">________________________________________________________________________________________________________________________________________________<\/span><\/p>\n<p>&nbsp;<\/p>\n<p><span style=\"font-weight: 400;\">Documentos que anexa a la solicitud (opcional):<\/span><\/p>\n<p><span style=\"font-weight: 400;\">____________________________________________________________________________________________________________________________________<\/span><\/p>\n<p>&nbsp;<\/p>\n<p><span style=\"font-weight: 400;\">Datos de contacto:<\/span><\/p>\n<p><span style=\"font-weight: 400;\">Direcci\u00f3n: ___________________________________<\/span><\/p>\n<p><span style=\"font-weight: 400;\">Tel\u00e9fono: ____________________________________<\/span><\/p>\n<p><span style=\"font-weight: 400;\">Correo electr\u00f3nico: ___________________________<\/span><\/p>\n<p><span style=\"font-weight: 400;\">___________________________________<\/span><\/p>\n<p><span style=\"font-weight: 400;\">Firma<\/span><\/p>\n<p>&nbsp;<\/p>\n<p>&nbsp;<\/p>\n<p><b>PROCEDIMIENTO PARA CONSULTA SOBRE EL TRATAMIENTO DE DATOS PERSONALES.<\/b><span style=\"font-weight: 400;\">&#8211; La instituci\u00f3n pone a disposici\u00f3n de los titulares de los datos el correo electr\u00f3nico:<\/span> protecciondatos@iesevilla.edu.co<span style=\"font-weight: 400;\">\u00a0para elevar sus consultas; as\u00ed mismo, recibe solicitudes en su sede <\/span><span style=\"font-weight: 400;\">Principal Liceo Mixto ubicada en la Calle 48 #50-69, <\/span><span style=\"font-weight: 400;\">\u00a0Sevilla \u2013 Valle del Cauca<\/span><span style=\"font-weight: 400;\">, tel\u00e9fono: 2196162. En la solicitud el titular indicar\u00e1 los datos se\u00f1alados en procedimiento para el ejercicio del derecho de los titulares de los datos personales.<\/span><\/p>\n<p>&nbsp;<\/p>\n<p><b>PROCEDIMIENTO PARA CORRECCI\u00d3N, ACTUALIZACI\u00d3N, RECTIFICACI\u00d3N O SUPRESI\u00d3N DE DATOS PERSONALES.<\/b><span style=\"font-weight: 400;\"> \u2013 La instituci\u00f3n en cumplimiento de lo preceptuado por el r\u00e9gimen General de Protecci\u00f3n de Datos Personales de Colombia, proceder\u00e1 a corregir, actualizar, rectificar o suprimir los datos personales a solicitud del titular o su representante, con el lleno de los datos se\u00f1alados en procedimiento para el ejercicio del derecho de los titulares de los datos personales.<\/span><\/p>\n<p><span style=\"font-weight: 400;\">El t\u00e9rmino m\u00e1ximo que tiene para atender la solicitud, es de quince (15) d\u00edas h\u00e1biles contados a partir de la fecha de su recibo. Cuando no fuere posible atender la solicitud dentro de dicho t\u00e9rmino, se informar\u00e1 al interesado los motivos de la demora y la fecha en que se atender\u00e1 su solicitud, la cual no podr\u00e1 superar los ocho (8) d\u00edas h\u00e1biles siguientes al vencimiento del primer t\u00e9rmino.<\/span><\/p>\n<p><span style=\"font-weight: 400;\"><strong>Par\u00e1grafo.<\/strong> Para la implementaci\u00f3n y seguimiento de lo dispuesto en la POL\u00cdTICA relacionado con la funci\u00f3n de protecci\u00f3n de datos personales la instituci\u00f3n designa al \u00e1rea de Gesti\u00f3n de TIC, quien dar\u00e1 tr\u00e1mite a las solicitudes de los Titulares, relacionadas con sus derechos de acceso, consulta, rectificaci\u00f3n, actualizaci\u00f3n, supresi\u00f3n y revocatoria a que se refiere la ley 1581 de 2012.<\/span><\/p>\n<p>&nbsp;<\/p>\n<p><b>VIGENCIA DE LA POL\u00cdTICA.<\/b><span style=\"font-weight: 400;\"> \u2013 La presente POL\u00cdTICA rige a partir de la fecha de su publicaci\u00f3n hasta que las condiciones de la misma se encuentren vigentes y deja sin efectos cualquier pol\u00edtica anterior a la misma. Su modificaci\u00f3n ser\u00e1 notificada mediante los medios id\u00f3neos que permita a los titulares enterarse de esta.<\/span><\/p>\n<p><span style=\"font-weight: 400;\">Original Firmado por: <strong>NOREMBERG CALDER\u00d3N VIVI\u00a0 &#8211; <\/strong><\/span><strong>Rector IE SEVILLA<\/strong>[\/vc_column_text][\/vc_column][\/vc_row]<\/p>\n","protected":false},"excerpt":{"rendered":"<p>[vc_row][vc_column][vc_custom_heading text=&#8221;POL\u00cdTICA DE TRATAMIENTO DE DATOS PERSONALES INSTITUCION EDUCATIVA SEVILLA&#8221; font_container=&#8221;tag:h2|text_align:center&#8221; use_theme_fonts=&#8221;yes&#8221;][vc_empty_space][\/vc_column][\/vc_row][vc_row][vc_column][vc_column_text]JUSTIFICACI\u00d3N La Instituci\u00f3n Educativa Sevilla- en lo sucesivo \u201cLa Instituci\u00f3n\u201d &#8211; en cumplimiento con lo dispuesto en la Constituci\u00f3n Pol\u00edtica de Colombia y la Ley Estatutaria 1581 de 2012 y sus normas reglamentarias y&nbsp;<a href=\"http:\/\/iesevilla.edu.co\/sitio\/institucional\/politica-de-tratamiento-de-datos\/\">&hellip;<\/a><\/p>\n","protected":false},"author":1,"featured_media":0,"parent":3099,"menu_order":0,"comment_status":"closed","ping_status":"closed","template":"template-sidebar-right-childpages.php","meta":{"footnotes":""},"class_list":["post-2719","page","type-page","status-publish","hentry","odd"],"_links":{"self":[{"href":"http:\/\/iesevilla.edu.co\/sitio\/wp-json\/wp\/v2\/pages\/2719","targetHints":{"allow":["GET"]}}],"collection":[{"href":"http:\/\/iesevilla.edu.co\/sitio\/wp-json\/wp\/v2\/pages"}],"about":[{"href":"http:\/\/iesevilla.edu.co\/sitio\/wp-json\/wp\/v2\/types\/page"}],"author":[{"embeddable":true,"href":"http:\/\/iesevilla.edu.co\/sitio\/wp-json\/wp\/v2\/users\/1"}],"replies":[{"embeddable":true,"href":"http:\/\/iesevilla.edu.co\/sitio\/wp-json\/wp\/v2\/comments?post=2719"}],"version-history":[{"count":10,"href":"http:\/\/iesevilla.edu.co\/sitio\/wp-json\/wp\/v2\/pages\/2719\/revisions"}],"predecessor-version":[{"id":3066,"href":"http:\/\/iesevilla.edu.co\/sitio\/wp-json\/wp\/v2\/pages\/2719\/revisions\/3066"}],"up":[{"embeddable":true,"href":"http:\/\/iesevilla.edu.co\/sitio\/wp-json\/wp\/v2\/pages\/3099"}],"wp:attachment":[{"href":"http:\/\/iesevilla.edu.co\/sitio\/wp-json\/wp\/v2\/media?parent=2719"}],"curies":[{"name":"wp","href":"https:\/\/api.w.org\/{rel}","templated":true}]}}