{"id":2711,"date":"2021-01-25T22:14:54","date_gmt":"2021-01-26T03:14:54","guid":{"rendered":"http:\/\/iesevilla.edu.co\/sitio\/?page_id=2711"},"modified":"2021-03-14T15:39:10","modified_gmt":"2021-03-14T20:39:10","slug":"nuestros-emblemas","status":"publish","type":"page","link":"http:\/\/iesevilla.edu.co\/sitio\/institucional\/nuestros-emblemas\/","title":{"rendered":"Emblemas"},"content":{"rendered":"<p>[vc_row][vc_column][vc_tta_tabs][vc_tta_section i_icon_fontawesome=&#8221;fas fa-shield-alt&#8221; add_icon=&#8221;true&#8221; title=&#8221;Escudo&#8221; tab_id=&#8221;escudo-slider1&#8243;][vc_row_inner][vc_column_inner width=&#8221;2\/3&#8243;][vc_column_text el_class=&#8221;justify-text&#8221;]Nuestro escudo tiene forma Suiza, bordeado de color amarillo que representa la sabidur\u00eda, la cultura y la amabilidad, en la cual va inscrita el nombre de Instituci\u00f3n Educativa Sevilla. Con el nombre de nuestro municipio a la cabeza del escudo.<\/p>\n<p>Se divide en tres partes:<br \/>\nParte superior: Con fondo blanco que significa pureza; en la cual est\u00e1 contenida nuestro objetivo institucional que es la de formar ni\u00f1os desde el preescolar (cubos de colores), hasta j\u00f3venes en media acad\u00e9mica (elementos de laboratorio). Para lograr el objetivo dorado (birrete y diploma) que es graduarse en talentos con calidad humana.<br \/>\nParte media: Con fondo de color rojo que significa fuerza, valor y energ\u00eda de los sevillanos quienes construyeron y forjaron la instituci\u00f3n. Las palabras Ciencia y Libertad, ligadas una a la otra describiendo la libertad en la investigaci\u00f3n de las ciencias, el derecho digno que tenemos todos quienes desean aventurarse en la investigaci\u00f3n de las ciencias sin limitarse a s\u00f3lo los conceptos pedag\u00f3gicos.<br \/>\nParte baja: Con fondo de color verde que significa juventud, \u00e9tica y naturaleza, que representa nuestros recursos naturales y la defensa del medio ambiente que tenemos como misi\u00f3n para conservar, tanto la fauna como la flora adyacente. Se superpone el n\u00famero 2002 el cual es el a\u00f1o donde se fusionan varias sedes y se da nombre a la Instituci\u00f3n Educativa Sevilla de acuerdo a la Resoluci\u00f3n de Fusi\u00f3n 2002 del 6 de Septiembre del 2002, emitida por la Secretar\u00eda de Educaci\u00f3n del Valle del Cauca.<br \/>\nSe toma como base el anterior escudo que representaba al antiguo Liceo Femenino, ya que nuestra sede principal se encuentra en lo que se conoce hoy como Liceo Mixto Sevilla.<br \/>\n<em>El nuevo dise\u00f1o fue elaborado por el funcionario John Diver P\u00e9rez Hidalgo en el a\u00f1o 2002 bajo la rector\u00eda de la Licenciada Nelly de los \u00c1ngeles Jaramillo.<\/em>[\/vc_column_text][\/vc_column_inner][vc_column_inner width=&#8221;1\/3&#8243;][vc_single_image image=&#8221;2188&#8243; img_size=&#8221;medium&#8221;][\/vc_column_inner][\/vc_row_inner][\/vc_tta_section][vc_tta_section i_icon_fontawesome=&#8221;fas fa-volume-up&#8221; add_icon=&#8221;true&#8221; title=&#8221;Himno&#8221; tab_id=&#8221;himno-slider1&#8243;][vc_row_inner][vc_column_inner width=&#8221;1\/2&#8243;][vc_column_text]<strong>I<\/strong><br \/>\nCompa\u00f1eros de pie con orgullo<br \/>\nAl colegio debemos cantar<br \/>\nQue se escuche en el mundo el murmullo<br \/>\nAl Liceo cantemos sin cesar.<\/p>\n<p><strong>II<\/strong><br \/>\nFloreci\u00f3 con respeto y altura<br \/>\nFloreci\u00f3 con af\u00e1n de lograr<br \/>\nQue sus hijos expandan cultura<br \/>\nPara que a su pueblo hagan brillar.<\/p>\n<p><strong>III<\/strong><br \/>\nFue un esfuerzo de grandes creadores<br \/>\nFue un esfuerzo constante y audaz<br \/>\nSolo Dios pagar\u00e1 sus valores<br \/>\nQue les brinde por siempre la paz.<\/p>\n<div id=\"blockColorblindContent\"><\/div>\n<p>[\/vc_column_text][\/vc_column_inner][vc_column_inner width=&#8221;1\/2&#8243;][vc_column_text]<strong>IV<\/strong><br \/>\nLa cultura que reina en Sevilla<br \/>\nEs el fruto de tu tradici\u00f3n<br \/>\nY en ti no faltar\u00e1 la semilla<br \/>\nQue germine con tu formaci\u00f3n.<\/p>\n<p><strong>V<\/strong><br \/>\nTus maestros reflejan tu imagen<br \/>\nY tus alumnos la educaci\u00f3n<br \/>\nY las gentes que por ti trabajan<br \/>\nEn ti ponen toda ilusi\u00f3n.<\/p>\n<p><strong>VI<\/strong><br \/>\nCon orgullo te canto Liceo<br \/>\nCon orgullo te proclamar\u00e9<br \/>\nYo por ti triunfar\u00e9 en mis deseos<br \/>\nY en mi coraz\u00f3n te llevar\u00e9.<\/p>\n<p style=\"text-align: right;\"><strong>Letra: Lu\u00eds Hernando D<\/strong><strong>\u00edaz<\/strong><\/p>\n<p style=\"text-align: right;\"><strong>M\u00fasica: Lic. \u00c1lvaro S\u00e1nchez M.<\/strong><\/p>\n<div id=\"blockColorblindContent\"><\/div>\n<p>[\/vc_column_text][\/vc_column_inner][vc_column_inner][vc_text_separator title=&#8221;Escuchar Himno Instituci\u00f3n Educativa Sevilla&#8221;][vc_column_text]<\/p>\n<p style=\"text-align: center;\"><audio src=\"http:\/\/iesevilla.edu.co\/sitio\/wp-content\/uploads\/2013\/05\/HIMNOAlLICEOMIXTO.mp3\" controls=\"controls\"><\/audio><\/p>\n<p>[\/vc_column_text][\/vc_column_inner][\/vc_row_inner][\/vc_tta_section][vc_tta_section i_icon_fontawesome=&#8221;fas fa-flag&#8221; add_icon=&#8221;true&#8221; title=&#8221;Bandera&#8221; tab_id=&#8221;bandera-slider1&#8243;][vc_row_inner][vc_column_inner width=&#8221;2\/3&#8243;][vc_column_text el_class=&#8221;justify-text&#8221;]Nuestra bandera est\u00e1 divida por dos franjas horizontales, una de color rojo que representa la fuerza de la juventud y la otra de color verde que simboliza la esperanza en un mundo y futuro mejor.[\/vc_column_text][\/vc_column_inner][vc_column_inner width=&#8221;1\/3&#8243;][vc_single_image image=&#8221;2965&#8243; img_size=&#8221;medium&#8221;][\/vc_column_inner][\/vc_row_inner][\/vc_tta_section][vc_tta_section i_icon_fontawesome=&#8221;fas fa-user-astronaut&#8221; add_icon=&#8221;true&#8221; title=&#8221;Uniforme&#8221; tab_id=&#8221;uniforme-slider1&#8243;][\/vc_tta_section][\/vc_tta_tabs][\/vc_column][\/vc_row]<\/p>\n","protected":false},"excerpt":{"rendered":"<p>[vc_row][vc_column][vc_tta_tabs][vc_tta_section i_icon_fontawesome=&#8221;fas fa-shield-alt&#8221; add_icon=&#8221;true&#8221; title=&#8221;Escudo&#8221; tab_id=&#8221;escudo-slider1&#8243;][vc_row_inner][vc_column_inner width=&#8221;2\/3&#8243;][vc_column_text el_class=&#8221;justify-text&#8221;]Nuestro escudo tiene forma Suiza, bordeado de color amarillo que representa la sabidur\u00eda, la cultura y la amabilidad, en la cual va inscrita el nombre de Instituci\u00f3n Educativa Sevilla. Con el nombre de nuestro municipio a la cabeza&nbsp;<a href=\"http:\/\/iesevilla.edu.co\/sitio\/institucional\/nuestros-emblemas\/\">&hellip;<\/a><\/p>\n","protected":false},"author":1,"featured_media":0,"parent":3099,"menu_order":0,"comment_status":"closed","ping_status":"closed","template":"template-sidebar-right-childpages.php","meta":{"footnotes":""},"class_list":["post-2711","page","type-page","status-publish","hentry","odd"],"_links":{"self":[{"href":"http:\/\/iesevilla.edu.co\/sitio\/wp-json\/wp\/v2\/pages\/2711","targetHints":{"allow":["GET"]}}],"collection":[{"href":"http:\/\/iesevilla.edu.co\/sitio\/wp-json\/wp\/v2\/pages"}],"about":[{"href":"http:\/\/iesevilla.edu.co\/sitio\/wp-json\/wp\/v2\/types\/page"}],"author":[{"embeddable":true,"href":"http:\/\/iesevilla.edu.co\/sitio\/wp-json\/wp\/v2\/users\/1"}],"replies":[{"embeddable":true,"href":"http:\/\/iesevilla.edu.co\/sitio\/wp-json\/wp\/v2\/comments?post=2711"}],"version-history":[{"count":17,"href":"http:\/\/iesevilla.edu.co\/sitio\/wp-json\/wp\/v2\/pages\/2711\/revisions"}],"predecessor-version":[{"id":2966,"href":"http:\/\/iesevilla.edu.co\/sitio\/wp-json\/wp\/v2\/pages\/2711\/revisions\/2966"}],"up":[{"embeddable":true,"href":"http:\/\/iesevilla.edu.co\/sitio\/wp-json\/wp\/v2\/pages\/3099"}],"wp:attachment":[{"href":"http:\/\/iesevilla.edu.co\/sitio\/wp-json\/wp\/v2\/media?parent=2711"}],"curies":[{"name":"wp","href":"https:\/\/api.w.org\/{rel}","templated":true}]}}