{"id":2708,"date":"2021-01-25T22:12:02","date_gmt":"2021-01-26T03:12:02","guid":{"rendered":"http:\/\/iesevilla.edu.co\/sitio\/?page_id=2708"},"modified":"2021-03-14T15:36:34","modified_gmt":"2021-03-14T20:36:34","slug":"historia","status":"publish","type":"page","link":"http:\/\/iesevilla.edu.co\/sitio\/institucional\/historia\/","title":{"rendered":"Historia"},"content":{"rendered":"<p>[vc_row][vc_column]\t\t\t<!-- Cool Timeline Free V3.0.8 -->\n\t\t\t<div class=\"ctl-wrapper\" role=\"region\" aria-label=\"Timeline\">\n\t\t\t\t<div class=\"ctl-before-content\"><div class=\"timeline-main-title\"><h2>LINEA DE TIEMPO<\/h2><\/div><\/div>\t\t\t\t<div id=\"cool_timeline_1\" class=\"cool-timeline-wrapper ctl-both-sided ctl-vertical-wrapper\" >\n\t\t\t\t\t<div class=\"ctl-start\"><\/div>\n\t\t\t\t\t<!-- Timeline Container -->\n\t\t\t\t\t<div class=\"ctl-timeline ctl-timeline-container\" data-animation=\"none\">\n\t\t\t\t\t\t<!-- Center Line -->\n\t\t\t\t\t\t<div class=\"ctl-inner-line\" role=\"presentation\"><\/div>\n\t\t\t\t\t\t<!-- Timeline Content --><div  id=\"ctl-story-2766\" class=\"ctl-story ctl-story-icon odd ctl-story-right\" data-aos=\"none\"   data-story-index=\"1\" role=\"article\"><!-- Story Icon --><div class=\"ctl-icon\"><i class=\"fa fa-clock-o\" aria-hidden=\"true\"><\/i><\/div> <!-- Story Arrow --><div class=\"ctl-arrow\"><\/div><!-- Story Content --><div class=\"ctl-content\"><!-- Story Description --><div class=\"ctl-description\"><p>En el a\u00f1o 1943, por la poca acogida de este concepto como Normal, el Director de Educaci\u00f3n Doctor Vicente H. Cruz, la transform\u00f3 en LICEO FEMENINO, para bachillerato elemental, bajo la Direcci\u00f3n del Director del Colegio General Santander y la subdirecci\u00f3n de la se\u00f1orita Mariela Bueno. &nbsp; Entre los a\u00f1os&hellip;<a class=\"read_more ctl_read_more\" target=\"_self\" href=\"http:\/\/iesevilla.edu.co\/sitio\/cool_timeline\/2766\/\" role=\"link\">Leer m\u00e1s<\/a><\/p>\n<\/div><\/div><\/div><!-- Timeline Content --><div  id=\"ctl-story-2767\" class=\"ctl-story ctl-story-icon even ctl-story-left\" data-aos=\"none\"   data-story-index=\"2\" role=\"article\"><!-- Story Icon --><div class=\"ctl-icon\"><i class=\"fa fa-clock-o\" aria-hidden=\"true\"><\/i><\/div> <!-- Story Arrow --><div class=\"ctl-arrow\"><\/div><!-- Story Content --><div class=\"ctl-content\"><!-- Story Media --><div class=\"ctl-media full\"><a data-glightbox=\"\" href=\"http:\/\/iesevilla.edu.co\/sitio\/wp-content\/uploads\/2021\/01\/jardin-int.jpg\" class=\"ctl_glightbox\"><img loading=\"lazy\" decoding=\"async\" width=\"640\" height=\"480\" src=\"http:\/\/iesevilla.edu.co\/sitio\/wp-content\/uploads\/2021\/01\/jardin-int-640x480.jpg\" class=\"story-img wp-post-image\" alt=\"\" srcset=\"http:\/\/iesevilla.edu.co\/sitio\/wp-content\/uploads\/2021\/01\/jardin-int.jpg 640w, http:\/\/iesevilla.edu.co\/sitio\/wp-content\/uploads\/2021\/01\/jardin-int-300x225.jpg 300w, http:\/\/iesevilla.edu.co\/sitio\/wp-content\/uploads\/2021\/01\/jardin-int-150x113.jpg 150w\" sizes=\"auto, (max-width: 640px) 100vw, 640px\" \/><\/a><\/div><!-- Story Description --><div class=\"ctl-description\"><p>Por Decreto No. 021 de enero 13 de 1956 fue nombrada Directora la se\u00f1orita Vilma de la Hoz, quien reemplaz\u00f3 a la se\u00f1ora Lola Marmolejo. Despu\u00e9s de grandes esfuerzos y gracias a la colaboraci\u00f3n del entonces se\u00f1or Alcalde Capit\u00e1n Jaime Cort\u00e9s C\u00e1rdenas, se consigui\u00f3 la construcci\u00f3n del muro alrededor del&hellip;<a class=\"read_more ctl_read_more\" target=\"_self\" href=\"http:\/\/iesevilla.edu.co\/sitio\/cool_timeline\/2767\/\" role=\"link\">Leer m\u00e1s<\/a><\/p>\n<\/div><\/div><\/div><!-- Timeline Content --><div  id=\"ctl-story-2747\" class=\"ctl-story ctl-story-icon odd ctl-story-right\" data-aos=\"none\"   data-story-index=\"3\" role=\"article\"><!-- Story Icon --><div class=\"ctl-icon\"><i class=\"fa fa-clock-o\" aria-hidden=\"true\"><\/i><\/div> <!-- Story Arrow --><div class=\"ctl-arrow\"><\/div><!-- Story Content --><div class=\"ctl-content\"><!-- Story Media --><div class=\"ctl-media full\"><a data-glightbox=\"\" href=\"http:\/\/iesevilla.edu.co\/sitio\/wp-content\/uploads\/1936\/01\/fememnino.jpg\" class=\"ctl_glightbox\"><img loading=\"lazy\" decoding=\"async\" width=\"661\" height=\"538\" src=\"http:\/\/iesevilla.edu.co\/sitio\/wp-content\/uploads\/1936\/01\/fememnino-661x538.jpg\" class=\"story-img wp-post-image\" alt=\"\" srcset=\"http:\/\/iesevilla.edu.co\/sitio\/wp-content\/uploads\/1936\/01\/fememnino.jpg 661w, http:\/\/iesevilla.edu.co\/sitio\/wp-content\/uploads\/1936\/01\/fememnino-300x244.jpg 300w, http:\/\/iesevilla.edu.co\/sitio\/wp-content\/uploads\/1936\/01\/fememnino-150x122.jpg 150w\" sizes=\"auto, (max-width: 661px) 100vw, 661px\" \/><\/a><\/div><!-- Story Description --><div class=\"ctl-description\"><p>Entre los a\u00f1os 1936 y 1937, no hab\u00eda un establecimiento que albergara las ni\u00f1as para cursar sus estudios bachilleratos despu\u00e9s de haber cursado los primarios, ya que en esa \u00e9poca no se permit\u00eda que los hombres y las mujeres estudiaran juntos. Causando esto un problema, una comisi\u00f3n de Consejo se&hellip;<a class=\"read_more ctl_read_more\" target=\"_self\" href=\"http:\/\/iesevilla.edu.co\/sitio\/cool_timeline\/2747\/\" role=\"link\">Leer m\u00e1s<\/a><\/p>\n<\/div><\/div><\/div><!-- Timeline Content --><div  id=\"ctl-story-2757\" class=\"ctl-story ctl-story-icon even ctl-story-left\" data-aos=\"none\"   data-story-index=\"4\" role=\"article\"><!-- Story Icon --><div class=\"ctl-icon\"><i class=\"fa fa-clock-o\" aria-hidden=\"true\"><\/i><\/div> <!-- Story Arrow --><div class=\"ctl-arrow\"><\/div><!-- Story Content --><div class=\"ctl-content\"><!-- Story Media --><div class=\"ctl-media full\"><a data-glightbox=\"\" href=\"http:\/\/iesevilla.edu.co\/sitio\/wp-content\/uploads\/2021\/01\/banda.jpg\" class=\"ctl_glightbox\"><img loading=\"lazy\" decoding=\"async\" width=\"1024\" height=\"675\" src=\"http:\/\/iesevilla.edu.co\/sitio\/wp-content\/uploads\/2021\/01\/banda-1024x675.jpg\" class=\"story-img wp-post-image\" alt=\"\" srcset=\"http:\/\/iesevilla.edu.co\/sitio\/wp-content\/uploads\/2021\/01\/banda-1024x675.jpg 1024w, http:\/\/iesevilla.edu.co\/sitio\/wp-content\/uploads\/2021\/01\/banda-300x198.jpg 300w, http:\/\/iesevilla.edu.co\/sitio\/wp-content\/uploads\/2021\/01\/banda-150x99.jpg 150w, http:\/\/iesevilla.edu.co\/sitio\/wp-content\/uploads\/2021\/01\/banda.jpg 1069w\" sizes=\"auto, (max-width: 1024px) 100vw, 1024px\" \/><\/a><\/div><!-- Story Description --><div class=\"ctl-description\"><p>Su primera Directora fue la se\u00f1ora Celina Mill\u00e1n y las profesoras Graciela Navia y Blanca de la Roche. Con la denominaci\u00f3n de COLEGIO PROFESIONAL FEMENINO. El personal docente que hac\u00eda falt\u00f3 supli\u00f3 ad-honorem los profesores del Colegio General Santander. &nbsp;<\/p>\n<\/div><\/div><\/div><!-- Timeline Content --><div  id=\"ctl-story-2759\" class=\"ctl-story ctl-story-icon odd ctl-story-right\" data-aos=\"none\"   data-story-index=\"5\" role=\"article\"><!-- Story Icon --><div class=\"ctl-icon\"><i class=\"fa fa-clock-o\" aria-hidden=\"true\"><\/i><\/div> <!-- Story Arrow --><div class=\"ctl-arrow\"><\/div><!-- Story Content --><div class=\"ctl-content\"><!-- Story Media --><div class=\"ctl-media full\"><a data-glightbox=\"\" href=\"http:\/\/iesevilla.edu.co\/sitio\/wp-content\/uploads\/2021\/01\/cf.jpg\" class=\"ctl_glightbox\"><img loading=\"lazy\" decoding=\"async\" width=\"960\" height=\"742\" src=\"http:\/\/iesevilla.edu.co\/sitio\/wp-content\/uploads\/2021\/01\/cf-960x742.jpg\" class=\"story-img wp-post-image\" alt=\"\" srcset=\"http:\/\/iesevilla.edu.co\/sitio\/wp-content\/uploads\/2021\/01\/cf.jpg 960w, http:\/\/iesevilla.edu.co\/sitio\/wp-content\/uploads\/2021\/01\/cf-300x232.jpg 300w, http:\/\/iesevilla.edu.co\/sitio\/wp-content\/uploads\/2021\/01\/cf-150x116.jpg 150w\" sizes=\"auto, (max-width: 960px) 100vw, 960px\" \/><\/a><\/div><!-- Story Description --><div class=\"ctl-description\"><p>La segunda Directora de la Instituci\u00f3n fue la se\u00f1orita Blanca de la Roche, en el a\u00f1o 1938 a 1939, con las profesoras Graciela Navia, Martha Aguado, C\u00e1rmen Abad\u00eda, Lucia Quiroga y Edna Gonz\u00e1lez. &nbsp; El Doctor Juli\u00e1n Serna Hoyos intervino e influencio para que durante la administraci\u00f3n del Doctor Alonso&hellip;<a class=\"read_more ctl_read_more\" target=\"_self\" href=\"http:\/\/iesevilla.edu.co\/sitio\/cool_timeline\/2759\/\" role=\"link\">Leer m\u00e1s<\/a><\/p>\n<\/div><\/div><\/div>\t\t\t\t\t<\/div>\n\t\t\t\t\t<div class=\"ctl-end\"><\/div>\n\t\t\t\t\t\t\t\t\t<\/div>\n\t\t\t<\/div>\n\t\t\t[\/vc_column][\/vc_row][vc_row][vc_column][vc_text_separator title=&#8221;Documental Liceo Mixto Sevilla 80 a\u00f1os&#8221;][vc_video link=&#8221;https:\/\/youtu.be\/Uf3z-ibuxBY&#8221; align=&#8221;center&#8221;][\/vc_column][\/vc_row]<\/p>\n","protected":false},"excerpt":{"rendered":"<p>[vc_row][vc_column][\/vc_column][\/vc_row][vc_row][vc_column][vc_text_separator title=&#8221;Documental Liceo Mixto Sevilla 80 a\u00f1os&#8221;][vc_video link=&#8221;https:\/\/youtu.be\/Uf3z-ibuxBY&#8221; align=&#8221;center&#8221;][\/vc_column][\/vc_row]<\/p>\n","protected":false},"author":1,"featured_media":0,"parent":3099,"menu_order":0,"comment_status":"closed","ping_status":"closed","template":"template-sidebar-right-childpages.php","meta":{"footnotes":""},"class_list":["post-2708","page","type-page","status-publish","hentry","odd"],"_links":{"self":[{"href":"http:\/\/iesevilla.edu.co\/sitio\/wp-json\/wp\/v2\/pages\/2708","targetHints":{"allow":["GET"]}}],"collection":[{"href":"http:\/\/iesevilla.edu.co\/sitio\/wp-json\/wp\/v2\/pages"}],"about":[{"href":"http:\/\/iesevilla.edu.co\/sitio\/wp-json\/wp\/v2\/types\/page"}],"author":[{"embeddable":true,"href":"http:\/\/iesevilla.edu.co\/sitio\/wp-json\/wp\/v2\/users\/1"}],"replies":[{"embeddable":true,"href":"http:\/\/iesevilla.edu.co\/sitio\/wp-json\/wp\/v2\/comments?post=2708"}],"version-history":[{"count":5,"href":"http:\/\/iesevilla.edu.co\/sitio\/wp-json\/wp\/v2\/pages\/2708\/revisions"}],"predecessor-version":[{"id":3077,"href":"http:\/\/iesevilla.edu.co\/sitio\/wp-json\/wp\/v2\/pages\/2708\/revisions\/3077"}],"up":[{"embeddable":true,"href":"http:\/\/iesevilla.edu.co\/sitio\/wp-json\/wp\/v2\/pages\/3099"}],"wp:attachment":[{"href":"http:\/\/iesevilla.edu.co\/sitio\/wp-json\/wp\/v2\/media?parent=2708"}],"curies":[{"name":"wp","href":"https:\/\/api.w.org\/{rel}","templated":true}]}}